{"id":4002,"date":"2020-11-20T15:55:14","date_gmt":"2020-11-20T13:55:14","guid":{"rendered":"https:\/\/emerald-villas.gr\/how-to-get-to-our-villas\/"},"modified":"2021-02-01T13:33:51","modified_gmt":"2021-02-01T11:33:51","slug":"comment-se-rendre-a-nos-villas","status":"publish","type":"page","link":"https:\/\/emerald-villas.gr\/fr\/comment-se-rendre-a-nos-villas\/","title":{"rendered":"COMMENT SE RENDRE \u00c0 NOS VILLAS"},"content":{"rendered":"<div class=\"wpb-content-wrapper\"><p>[vc_row full_width=\u00a0\u00bbstretch_row_content_no_spaces\u00a0\u00bb equal_height=\u00a0\u00bbyes\u00a0\u00bb content_placement=\u00a0\u00bbmiddle\u00a0\u00bb css_animation=\u00a0\u00bbfadeIn\u00a0\u00bb css=\u00a0\u00bb.vc_custom_1522159552509{border-top-width: 1px !important;border-top-color: #eeeeee !important;border-top-style: solid !important;}\u00a0\u00bb][vc_column width=\u00a0\u00bb1\/2&Prime; css=\u00a0\u00bb.vc_custom_1523285124617{padding-top: 100px !important;padding-right: 100px !important;padding-bottom: 100px !important;padding-left: 100px !important;background-color: #ffffff !important;}\u00a0\u00bb offset=\u00a0\u00bbvc_hidden-xs\u00a0\u00bb][vc_empty_space height=\u00a0\u00bb30px\u00a0\u00bb][vc_custom_heading text=\u00a0\u00bbVOUS POUVEZ VENIR\u00a0\u00bb font_container=\u00a0\u00bbtag:p|text_align:center|color:%235dc09c\u00a0\u00bb use_theme_fonts=\u00a0\u00bbyes\u00a0\u00bb el_class=\u00a0\u00bbsub-heading\u00a0\u00bb css=\u00a0\u00bb.vc_custom_1612178690667{margin-bottom: 15px !important;}\u00a0\u00bb][vc_custom_heading text=\u00a0\u00bbEn Bateau (ferry boat)\u00a0\u00bb font_container=\u00a0\u00bbtag:h2|text_align:center\u00a0\u00bb use_theme_fonts=\u00a0\u00bbyes\u00a0\u00bb css_animation=\u00a0\u00bbnone\u00a0\u00bb][vc_separator el_width=\u00a0\u00bb10&Prime; css_animation=\u00a0\u00bbnone\u00a0\u00bb el_class=\u00a0\u00bbseparator-rotate\u00a0\u00bb css=\u00a0\u00bb.vc_custom_1522160591144{margin-top: 30px !important;margin-bottom: 30px !important;}\u00a0\u00bb][vc_column_text css=\u00a0\u00bb.vc_custom_1612178752320{margin-bottom: 0px !important;}\u00a0\u00bb]<\/p>\n<p style=\"text-align: center;\"><strong>Billets de bateau <\/strong><br \/>\n(Kilini \u00e0 Zakynthos, Italie \u00e0 Zakynthos, Italie \u00e0 Patras))<br \/>\n<a tabindex=\"0\" href=\"http:\/\/www.levanteferries.com\/\" target=\"_blank\" rel=\"noopener noreferrer\">levanteferries.com<\/a> | <a tabindex=\"0\" href=\"https:\/\/www.ioniangroup.com\/en\/routes\/kyllini-zakynthos\/\" target=\"_blank\" rel=\"noopener noreferrer\">ioniangroup.com<\/a><\/p>\n<p>[\/vc_column_text][vc_empty_space height=\u00a0\u00bb30px\u00a0\u00bb][\/vc_column][vc_column width=\u00a0\u00bb1\/2&Prime; css=\u00a0\u00bb.vc_custom_1605879525705{padding-left: 0px !important;background-image: url(https:\/\/emerald-villas.gr\/wp-content\/uploads\/2020\/11\/get-there2.jpg?id=2534) !important;background-position: center !important;background-repeat: no-repeat !important;background-size: cover !important;}\u00a0\u00bb offset=\u00a0\u00bbvc_hidden-xs\u00a0\u00bb][\/vc_column][\/vc_row][vc_row full_width=\u00a0\u00bbstretch_row_content_no_spaces\u00a0\u00bb equal_height=\u00a0\u00bbyes\u00a0\u00bb content_placement=\u00a0\u00bbmiddle\u00a0\u00bb css_animation=\u00a0\u00bbfadeIn\u00a0\u00bb css=\u00a0\u00bb.vc_custom_1523285867772{border-top-width: 1px !important;border-top-color: #eeeeee !important;border-top-style: solid !important;}\u00a0\u00bb][vc_column width=\u00a0\u00bb1\/2&Prime; css=\u00a0\u00bb.vc_custom_1523285873431{padding-top: 0px !important;background-position: center !important;background-repeat: no-repeat !important;background-size: cover !important;}\u00a0\u00bb offset=\u00a0\u00bbvc_hidden-lg vc_hidden-md vc_hidden-sm\u00a0\u00bb][vc_single_image image=\u00a0\u00bb2534&Prime; img_size=\u00a0\u00bbfull\u00a0\u00bb css=\u00a0\u00bb.vc_custom_1605879534498{margin-bottom: 0px !important;}\u00a0\u00bb][\/vc_column][vc_column width=\u00a0\u00bb1\/2&Prime; css=\u00a0\u00bb.vc_custom_1523285788921{padding-top: 50px !important;padding-right: 50px !important;padding-bottom: 50px !important;padding-left: 50px !important;}\u00a0\u00bb offset=\u00a0\u00bbvc_hidden-lg vc_hidden-md vc_hidden-sm\u00a0\u00bb][vc_custom_heading text=\u00a0\u00bbVOUS POUVEZ VENIR\u00a0\u00bb font_container=\u00a0\u00bbtag:p|text_align:center|color:%235dc09c\u00a0\u00bb use_theme_fonts=\u00a0\u00bbyes\u00a0\u00bb el_class=\u00a0\u00bbsub-heading\u00a0\u00bb css=\u00a0\u00bb.vc_custom_1612178690667{margin-bottom: 15px !important;}\u00a0\u00bb][vc_custom_heading text=\u00a0\u00bbEn Bateau (ferry boat)\u00a0\u00bb font_container=\u00a0\u00bbtag:h2|text_align:center\u00a0\u00bb use_theme_fonts=\u00a0\u00bbyes\u00a0\u00bb css_animation=\u00a0\u00bbnone\u00a0\u00bb][vc_separator el_width=\u00a0\u00bb10&Prime; css_animation=\u00a0\u00bbnone\u00a0\u00bb el_class=\u00a0\u00bbseparator-rotate\u00a0\u00bb css=\u00a0\u00bb.vc_custom_1522160591144{margin-top: 30px !important;margin-bottom: 30px !important;}\u00a0\u00bb][vc_column_text css=\u00a0\u00bb.vc_custom_1612178768032{margin-bottom: 0px !important;}\u00a0\u00bb]<\/p>\n<p style=\"text-align: center;\"><strong>Billets de bateau <\/strong><br \/>\n(Kilini \u00e0 Zakynthos, Italie \u00e0 Zakynthos, Italie \u00e0 Patras))<br \/>\n<a tabindex=\"0\" href=\"http:\/\/www.levanteferries.com\/\" target=\"_blank\" rel=\"noopener noreferrer\">levanteferries.com<\/a> | <a tabindex=\"0\" href=\"https:\/\/www.ioniangroup.com\/en\/routes\/kyllini-zakynthos\/\" target=\"_blank\" rel=\"noopener noreferrer\">ioniangroup.com<\/a><\/p>\n<p>[\/vc_column_text][\/vc_column][\/vc_row][vc_row full_width=\u00a0\u00bbstretch_row_content_no_spaces\u00a0\u00bb equal_height=\u00a0\u00bbyes\u00a0\u00bb content_placement=\u00a0\u00bbmiddle\u00a0\u00bb css_animation=\u00a0\u00bbfadeIn\u00a0\u00bb][vc_column width=\u00a0\u00bb1\/2&Prime; css=\u00a0\u00bb.vc_custom_1605879637696{padding-left: 0px !important;background-image: url(https:\/\/emerald-villas.gr\/wp-content\/uploads\/2020\/11\/get-there1.jpg?id=2536) !important;background-position: center !important;background-repeat: no-repeat !important;background-size: cover !important;}\u00a0\u00bb offset=\u00a0\u00bbvc_hidden-xs\u00a0\u00bb][\/vc_column][vc_column width=\u00a0\u00bb1\/2&Prime; css=\u00a0\u00bb.vc_custom_1523285111599{padding-top: 100px !important;padding-right: 100px !important;padding-bottom: 100px !important;padding-left: 100px !important;background-color: #ffffff !important;}\u00a0\u00bb offset=\u00a0\u00bbvc_hidden-xs\u00a0\u00bb][vc_empty_space height=\u00a0\u00bb30px\u00a0\u00bb][vc_custom_heading text=\u00a0\u00bbVOUS POUVEZ VENIR\u00a0\u00bb font_container=\u00a0\u00bbtag:p|text_align:center|color:%235dc09c\u00a0\u00bb use_theme_fonts=\u00a0\u00bbyes\u00a0\u00bb el_class=\u00a0\u00bbsub-heading\u00a0\u00bb css=\u00a0\u00bb.vc_custom_1612178794270{margin-bottom: 15px !important;}\u00a0\u00bb][vc_custom_heading text=\u00a0\u00bbEn Avion\u00a0\u00bb font_container=\u00a0\u00bbtag:h2|text_align:center\u00a0\u00bb use_theme_fonts=\u00a0\u00bbyes\u00a0\u00bb css_animation=\u00a0\u00bbnone\u00a0\u00bb][vc_separator el_width=\u00a0\u00bb10&Prime; el_class=\u00a0\u00bbseparator-rotate\u00a0\u00bb css=\u00a0\u00bb.vc_custom_1518181620857{margin-top: 30px !important;margin-bottom: 30px !important;}\u00a0\u00bb][vc_column_text]<\/p>\n<p style=\"text-align: center;\"><strong>Billets d&rsquo;avion <\/strong><br \/>\nDes vols directs de Paris ORLY sont assur\u00e9s par la compagnie TRANSAVIA.<br \/>\nDepuis Gen\u00e8ve avec la compagnie SWISS, depuis Bruxelles avec la compagnie Brussel Airlines.<\/p>\n<p>[\/vc_column_text][vc_empty_space height=\u00a0\u00bb30px\u00a0\u00bb][\/vc_column][\/vc_row][vc_row full_width=\u00a0\u00bbstretch_row_content_no_spaces\u00a0\u00bb equal_height=\u00a0\u00bbyes\u00a0\u00bb content_placement=\u00a0\u00bbmiddle\u00a0\u00bb css_animation=\u00a0\u00bbfadeIn\u00a0\u00bb][vc_column width=\u00a0\u00bb1\/2&Prime; css=\u00a0\u00bb.vc_custom_1523285888227{padding-top: 0px !important;background-position: center !important;background-repeat: no-repeat !important;background-size: cover !important;}\u00a0\u00bb offset=\u00a0\u00bbvc_hidden-lg vc_hidden-md vc_hidden-sm\u00a0\u00bb][vc_single_image image=\u00a0\u00bb2536&Prime; img_size=\u00a0\u00bbfull\u00a0\u00bb css=\u00a0\u00bb.vc_custom_1605880105050{margin-bottom: 0px !important;}\u00a0\u00bb][\/vc_column][vc_column width=\u00a0\u00bb1\/2&Prime; css=\u00a0\u00bb.vc_custom_1523285807757{padding-top: 50px !important;padding-right: 50px !important;padding-bottom: 50px !important;padding-left: 50px !important;}\u00a0\u00bb offset=\u00a0\u00bbvc_hidden-lg vc_hidden-md vc_hidden-sm\u00a0\u00bb][vc_custom_heading text=\u00a0\u00bbVOUS POUVEZ VENIR\u00a0\u00bb font_container=\u00a0\u00bbtag:p|text_align:center|color:%235dc09c\u00a0\u00bb use_theme_fonts=\u00a0\u00bbyes\u00a0\u00bb el_class=\u00a0\u00bbsub-heading\u00a0\u00bb css=\u00a0\u00bb.vc_custom_1612178800654{margin-bottom: 15px !important;}\u00a0\u00bb][vc_custom_heading text=\u00a0\u00bbEn Avion\u00a0\u00bb font_container=\u00a0\u00bbtag:h2|text_align:center\u00a0\u00bb use_theme_fonts=\u00a0\u00bbyes\u00a0\u00bb css_animation=\u00a0\u00bbnone\u00a0\u00bb][vc_separator el_width=\u00a0\u00bb10&Prime; el_class=\u00a0\u00bbseparator-rotate\u00a0\u00bb css=\u00a0\u00bb.vc_custom_1518181620857{margin-top: 30px !important;margin-bottom: 30px !important;}\u00a0\u00bb][vc_column_text]<\/p>\n<p style=\"text-align: center;\"><strong>Billets d&rsquo;avion <\/strong><br \/>\nDes vols directs de Paris ORLY sont assur\u00e9s par la compagnie TRANSAVIA.<br \/>\nDepuis Gen\u00e8ve avec la compagnie SWISS, depuis Bruxelles avec la compagnie Brussel Airlines.<\/p>\n<p>[\/vc_column_text][\/vc_column][\/vc_row][vc_row full_width=\u00a0\u00bbstretch_row_content_no_spaces\u00a0\u00bb equal_height=\u00a0\u00bbyes\u00a0\u00bb content_placement=\u00a0\u00bbmiddle\u00a0\u00bb css_animation=\u00a0\u00bbfadeIn\u00a0\u00bb][vc_column width=\u00a0\u00bb1\/2&Prime; css=\u00a0\u00bb.vc_custom_1523285106549{padding-top: 100px !important;padding-right: 100px !important;padding-bottom: 100px !important;padding-left: 100px !important;background-color: #ffffff !important;}\u00a0\u00bb offset=\u00a0\u00bbvc_hidden-xs\u00a0\u00bb][vc_custom_heading text=\u00a0\u00bbInformation\u00a0\u00bb font_container=\u00a0\u00bbtag:h2|text_align:center\u00a0\u00bb use_theme_fonts=\u00a0\u00bbyes\u00a0\u00bb][vc_separator el_width=\u00a0\u00bb10&Prime; el_class=\u00a0\u00bbseparator-rotate\u00a0\u00bb css=\u00a0\u00bb.vc_custom_1518181620857{margin-top: 30px !important;margin-bottom: 30px !important;}\u00a0\u00bb][vc_column_text]<\/p>\n<p style=\"text-align: center;\"><strong>Coordonn\u00e9es de la carte<\/strong><br \/>\nLat: 37.896054 \u2013 Lon: 20.703825<\/p>\n<p style=\"text-align: center;\"><strong>Taverne \u2013 Restaurants <\/strong><br \/>\n<a href=\"https:\/\/www.google.com\/maps\/place\/Agios+Nikolaos\/@37.9071458,20.7058019,240m\/data=!3m1!1e3!4m2!3m1!1s0x136769d494f9a11b:0x2041a41ea50ea6df?hl=en\" target=\"_blank\" rel=\"noopener noreferrer\">Voir la carte<\/a><\/p>\n<p style=\"text-align: center;\"><strong>H\u00f4pitaux et pharmacies <\/strong><br \/>\nH\u00f4pital g\u00e9n\u00e9ral de Zakynthos, Gaitani &#8211; t\u00e9l .: +30 26950 23166 \u2013<br \/>\n<a href=\"https:\/\/www.google.com\/maps\/place\/Zakynthos+Hospital\/@37.7840729,20.878695,717m\/data=!3m1!1e3!4m2!3m1!1s0x136747b9d3f80879:0x7bec4d6a40deaa1b?hl=en\" target=\"_blank\" rel=\"noopener noreferrer\">Voir Carte<\/a><\/p>\n<p style=\"text-align: center;\"><strong>Num\u00e9ro d&rsquo;urgence europ\u00e9en<\/strong><br \/>\nLe <strong>112 <\/strong>est le num\u00e9ro d&rsquo;urgence europ\u00e9en dans les 28 \u00c9tats membres de l&rsquo;UE,<br \/>\nainsi que dans d&rsquo;autres pays d&rsquo;Europe et d&rsquo;ailleurs.<br \/>\nLes personnes en d\u00e9tresse peuvent appeler le 112 24\/7 pour joindre les pompiers,<br \/>\nl&rsquo;assistance m\u00e9dicale et la police.<br \/>\nLe num\u00e9ro d&rsquo;urgence europ\u00e9en est gratuit et peut \u00eatre compos\u00e9 aussi<br \/>\nbien sur un t\u00e9l\u00e9phone fixe qu\u2019 un portable.<\/p>\n<p>[\/vc_column_text][\/vc_column][vc_column width=\u00a0\u00bb1\/2&Prime; css=\u00a0\u00bb.vc_custom_1605880125997{padding-left: 0px !important;background-image: url(https:\/\/emerald-villas.gr\/wp-content\/uploads\/2020\/11\/info_img.jpg?id=2541) !important;background-position: center !important;background-repeat: no-repeat !important;background-size: cover !important;}\u00a0\u00bb offset=\u00a0\u00bbvc_hidden-xs\u00a0\u00bb][\/vc_column][\/vc_row][vc_row full_width=\u00a0\u00bbstretch_row_content_no_spaces\u00a0\u00bb equal_height=\u00a0\u00bbyes\u00a0\u00bb content_placement=\u00a0\u00bbmiddle\u00a0\u00bb css_animation=\u00a0\u00bbfadeIn\u00a0\u00bb][vc_column width=\u00a0\u00bb1\/2&Prime; css=\u00a0\u00bb.vc_custom_1523285901434{padding-top: 0px !important;background-position: center !important;background-repeat: no-repeat !important;background-size: cover !important;}\u00a0\u00bb offset=\u00a0\u00bbvc_hidden-lg vc_hidden-md vc_hidden-sm\u00a0\u00bb][vc_single_image image=\u00a0\u00bb2541&Prime; img_size=\u00a0\u00bbfull\u00a0\u00bb css=\u00a0\u00bb.vc_custom_1605880134553{margin-bottom: 0px !important;}\u00a0\u00bb][\/vc_column][vc_column width=\u00a0\u00bb1\/2&Prime; css=\u00a0\u00bb.vc_custom_1523285679674{padding-top: 50px !important;padding-right: 50px !important;padding-bottom: 50px !important;padding-left: 50px !important;}\u00a0\u00bb offset=\u00a0\u00bbvc_hidden-lg vc_hidden-md vc_hidden-sm\u00a0\u00bb][vc_custom_heading text=\u00a0\u00bbInformation\u00a0\u00bb font_container=\u00a0\u00bbtag:h2|text_align:center\u00a0\u00bb use_theme_fonts=\u00a0\u00bbyes\u00a0\u00bb][vc_separator el_width=\u00a0\u00bb10&Prime; el_class=\u00a0\u00bbseparator-rotate\u00a0\u00bb css=\u00a0\u00bb.vc_custom_1518181620857{margin-top: 30px !important;margin-bottom: 30px !important;}\u00a0\u00bb][vc_column_text]<\/p>\n<p style=\"text-align: center;\"><strong>Coordonn\u00e9es de la carte<\/strong><br \/>\nLat: 37.896054 \u2013 Lon: 20.703825<\/p>\n<p style=\"text-align: center;\"><strong>Taverne \u2013 Restaurants <\/strong><br \/>\n<a href=\"https:\/\/www.google.com\/maps\/place\/Agios+Nikolaos\/@37.9071458,20.7058019,240m\/data=!3m1!1e3!4m2!3m1!1s0x136769d494f9a11b:0x2041a41ea50ea6df?hl=en\" target=\"_blank\" rel=\"noopener noreferrer\">Voir la carte<\/a><\/p>\n<p style=\"text-align: center;\"><strong>H\u00f4pitaux et pharmacies <\/strong><br \/>\nH\u00f4pital g\u00e9n\u00e9ral de Zakynthos, Gaitani &#8211; t\u00e9l .: +30 26950 23166 \u2013<br \/>\n<a href=\"https:\/\/www.google.com\/maps\/place\/Zakynthos+Hospital\/@37.7840729,20.878695,717m\/data=!3m1!1e3!4m2!3m1!1s0x136747b9d3f80879:0x7bec4d6a40deaa1b?hl=en\" target=\"_blank\" rel=\"noopener noreferrer\">Voir Carte<\/a><\/p>\n<p style=\"text-align: center;\"><strong>Num\u00e9ro d&rsquo;urgence europ\u00e9en<\/strong><br \/>\nLe <strong>112 <\/strong>est le num\u00e9ro d&rsquo;urgence europ\u00e9en dans les 28 \u00c9tats membres de l&rsquo;UE,<br \/>\nainsi que dans d&rsquo;autres pays d&rsquo;Europe et d&rsquo;ailleurs.<br \/>\nLes personnes en d\u00e9tresse peuvent appeler le 112 24\/7 pour joindre les pompiers,<br \/>\nl&rsquo;assistance m\u00e9dicale et la police.<br \/>\nLe num\u00e9ro d&rsquo;urgence europ\u00e9en est gratuit et peut \u00eatre compos\u00e9 aussi<br \/>\nbien sur un t\u00e9l\u00e9phone fixe qu\u2019 un portable.<\/p>\n<p>[\/vc_column_text][\/vc_column][\/vc_row]<\/p>\n<\/div>","protected":false},"excerpt":{"rendered":"<p>[vc_row full_width=\u00a0\u00bbstretch_row_content_no_spaces\u00a0\u00bb equal_height=\u00a0\u00bbyes\u00a0\u00bb content_placement=\u00a0\u00bbmiddle\u00a0\u00bb css_animation=\u00a0\u00bbfadeIn\u00a0\u00bb css=\u00a0\u00bb.vc_custom_1522159552509{border-top-width: 1px !important;border-top-color: #eeeeee !important;border-top-style: solid !important;}\u00a0\u00bb][vc_column width=\u00a0\u00bb1\/2&Prime; css=\u00a0\u00bb.vc_custom_1523285124617{padding-top: 100px !important;padding-right: 100px !important;padding-bottom: 100px !important;padding-left: 100px !important;background-color: #ffffff !important;}\u00a0\u00bb offset=\u00a0\u00bbvc_hidden-xs\u00a0\u00bb][vc_empty_space height=\u00a0\u00bb30px\u00a0\u00bb][vc_custom_heading text=\u00a0\u00bbVOUS POUVEZ VENIR\u00a0\u00bb font_container=\u00a0\u00bbtag:p|text_align:center|color:%235dc09c\u00a0\u00bb use_theme_fonts=\u00a0\u00bbyes\u00a0\u00bb el_class=\u00a0\u00bbsub-heading\u00a0\u00bb css=\u00a0\u00bb.vc_custom_1612178690667{margin-bottom: 15px !important;}\u00a0\u00bb][vc_custom_heading text=\u00a0\u00bbEn Bateau (ferry boat)\u00a0\u00bb font_container=\u00a0\u00bbtag:h2|text_align:center\u00a0\u00bb use_theme_fonts=\u00a0\u00bbyes\u00a0\u00bb css_animation=\u00a0\u00bbnone\u00a0\u00bb][vc_separator el_width=\u00a0\u00bb10&Prime; css_animation=\u00a0\u00bbnone\u00a0\u00bb el_class=\u00a0\u00bbseparator-rotate\u00a0\u00bb css=\u00a0\u00bb.vc_custom_1522160591144{margin-top: 30px !important;margin-bottom: 30px !important;}\u00a0\u00bb][vc_column_text css=\u00a0\u00bb.vc_custom_1612178752320{margin-bottom: 0px !important;}\u00a0\u00bb] Billets de&hellip;<\/p>\n","protected":false},"author":1,"featured_media":0,"parent":0,"menu_order":0,"comment_status":"closed","ping_status":"closed","template":"","meta":{"_acf_changed":false,"footnotes":""},"class_list":["post-4002","page","type-page","status-publish","hentry"],"acf":[],"yoast_head":"<!-- This site is optimized with the Yoast SEO plugin v27.3 - https:\/\/yoast.com\/product\/yoast-seo-wordpress\/ -->\n<title>COMMENT SE RENDRE \u00c0 NOS VILLAS - Emerald Villas &amp; Suites<\/title>\n<meta name=\"description\" content=\"COMMENT SE RENDRE \u00c0 NOS VILLAS - Emerald Villas &amp; Suites. Luxury stone built villas in Zakynthos, Greece. Enjoy your vacation in rooms of stunning sea view.\" \/>\n<meta name=\"robots\" content=\"index, follow, max-snippet:-1, max-image-preview:large, max-video-preview:-1\" \/>\n<link rel=\"canonical\" href=\"https:\/\/emerald-villas.gr\/fr\/comment-se-rendre-a-nos-villas\/\" \/>\n<meta property=\"og:locale\" content=\"fr_FR\" \/>\n<meta property=\"og:type\" content=\"article\" \/>\n<meta property=\"og:title\" content=\"COMMENT SE RENDRE \u00c0 NOS VILLAS - Emerald Villas &amp; Suites\" \/>\n<meta property=\"og:description\" content=\"COMMENT SE RENDRE \u00c0 NOS VILLAS - Emerald Villas &amp; Suites. Luxury stone built villas in Zakynthos, Greece. Enjoy your vacation in rooms of stunning sea view.\" \/>\n<meta property=\"og:url\" content=\"https:\/\/emerald-villas.gr\/fr\/comment-se-rendre-a-nos-villas\/\" \/>\n<meta property=\"og:site_name\" content=\"Emerald Villas &amp; Suites\" \/>\n<meta property=\"article:publisher\" content=\"https:\/\/www.facebook.com\/emerald.villas\/\" \/>\n<meta property=\"article:modified_time\" content=\"2021-02-01T11:33:51+00:00\" \/>\n<meta name=\"twitter:card\" content=\"summary_large_image\" \/>\n<meta name=\"twitter:site\" content=\"@emerald_villas\" \/>\n<meta name=\"twitter:label1\" content=\"Dur\u00e9e de lecture estim\u00e9e\" \/>\n\t<meta name=\"twitter:data1\" content=\"3 minutes\" \/>\n<script type=\"application\/ld+json\" class=\"yoast-schema-graph\">{\"@context\":\"https:\\\/\\\/schema.org\",\"@graph\":[{\"@type\":\"WebPage\",\"@id\":\"https:\\\/\\\/emerald-villas.gr\\\/fr\\\/comment-se-rendre-a-nos-villas\\\/\",\"url\":\"https:\\\/\\\/emerald-villas.gr\\\/fr\\\/comment-se-rendre-a-nos-villas\\\/\",\"name\":\"COMMENT SE RENDRE \u00c0 NOS VILLAS - Emerald Villas &amp; Suites\",\"isPartOf\":{\"@id\":\"https:\\\/\\\/emerald-villas.gr\\\/fr\\\/#website\"},\"datePublished\":\"2020-11-20T13:55:14+00:00\",\"dateModified\":\"2021-02-01T11:33:51+00:00\",\"description\":\"COMMENT SE RENDRE \u00c0 NOS VILLAS - Emerald Villas & Suites. Luxury stone built villas in Zakynthos, Greece. Enjoy your vacation in rooms of stunning sea view.\",\"breadcrumb\":{\"@id\":\"https:\\\/\\\/emerald-villas.gr\\\/fr\\\/comment-se-rendre-a-nos-villas\\\/#breadcrumb\"},\"inLanguage\":\"fr-FR\",\"potentialAction\":[{\"@type\":\"ReadAction\",\"target\":[\"https:\\\/\\\/emerald-villas.gr\\\/fr\\\/comment-se-rendre-a-nos-villas\\\/\"]}]},{\"@type\":\"BreadcrumbList\",\"@id\":\"https:\\\/\\\/emerald-villas.gr\\\/fr\\\/comment-se-rendre-a-nos-villas\\\/#breadcrumb\",\"itemListElement\":[{\"@type\":\"ListItem\",\"position\":1,\"name\":\"Home\",\"item\":\"https:\\\/\\\/emerald-villas.gr\\\/fr\\\/\"},{\"@type\":\"ListItem\",\"position\":2,\"name\":\"COMMENT SE RENDRE \u00c0 NOS VILLAS\"}]},{\"@type\":\"WebSite\",\"@id\":\"https:\\\/\\\/emerald-villas.gr\\\/fr\\\/#website\",\"url\":\"https:\\\/\\\/emerald-villas.gr\\\/fr\\\/\",\"name\":\"Emerald Villas &amp; Suites\",\"description\":\"Luxury Villas in Zakynthos Greece\",\"publisher\":{\"@id\":\"https:\\\/\\\/emerald-villas.gr\\\/fr\\\/#organization\"},\"potentialAction\":[{\"@type\":\"SearchAction\",\"target\":{\"@type\":\"EntryPoint\",\"urlTemplate\":\"https:\\\/\\\/emerald-villas.gr\\\/fr\\\/?s={search_term_string}\"},\"query-input\":{\"@type\":\"PropertyValueSpecification\",\"valueRequired\":true,\"valueName\":\"search_term_string\"}}],\"inLanguage\":\"fr-FR\"},{\"@type\":\"Organization\",\"@id\":\"https:\\\/\\\/emerald-villas.gr\\\/fr\\\/#organization\",\"name\":\"Emerald Villas & Suites\",\"url\":\"https:\\\/\\\/emerald-villas.gr\\\/fr\\\/\",\"logo\":{\"@type\":\"ImageObject\",\"inLanguage\":\"fr-FR\",\"@id\":\"https:\\\/\\\/emerald-villas.gr\\\/fr\\\/#\\\/schema\\\/logo\\\/image\\\/\",\"url\":\"https:\\\/\\\/emerald-villas.gr\\\/wp-content\\\/uploads\\\/2020\\\/11\\\/logo_emerald_200.png\",\"contentUrl\":\"https:\\\/\\\/emerald-villas.gr\\\/wp-content\\\/uploads\\\/2020\\\/11\\\/logo_emerald_200.png\",\"width\":200,\"height\":56,\"caption\":\"Emerald Villas & Suites\"},\"image\":{\"@id\":\"https:\\\/\\\/emerald-villas.gr\\\/fr\\\/#\\\/schema\\\/logo\\\/image\\\/\"},\"sameAs\":[\"https:\\\/\\\/www.facebook.com\\\/emerald.villas\\\/\",\"https:\\\/\\\/x.com\\\/emerald_villas\",\"https:\\\/\\\/www.instagram.com\\\/emerald_villas\\\/\",\"https:\\\/\\\/www.youtube.com\\\/channel\\\/UCFyKZatvF0ez6RybGT6HkXA\"]}]}<\/script>\n<!-- \/ Yoast SEO plugin. -->","yoast_head_json":{"title":"COMMENT SE RENDRE \u00c0 NOS VILLAS - Emerald Villas &amp; Suites","description":"COMMENT SE RENDRE \u00c0 NOS VILLAS - Emerald Villas & Suites. Luxury stone built villas in Zakynthos, Greece. Enjoy your vacation in rooms of stunning sea view.","robots":{"index":"index","follow":"follow","max-snippet":"max-snippet:-1","max-image-preview":"max-image-preview:large","max-video-preview":"max-video-preview:-1"},"canonical":"https:\/\/emerald-villas.gr\/fr\/comment-se-rendre-a-nos-villas\/","og_locale":"fr_FR","og_type":"article","og_title":"COMMENT SE RENDRE \u00c0 NOS VILLAS - Emerald Villas &amp; Suites","og_description":"COMMENT SE RENDRE \u00c0 NOS VILLAS - Emerald Villas & Suites. Luxury stone built villas in Zakynthos, Greece. Enjoy your vacation in rooms of stunning sea view.","og_url":"https:\/\/emerald-villas.gr\/fr\/comment-se-rendre-a-nos-villas\/","og_site_name":"Emerald Villas &amp; Suites","article_publisher":"https:\/\/www.facebook.com\/emerald.villas\/","article_modified_time":"2021-02-01T11:33:51+00:00","twitter_card":"summary_large_image","twitter_site":"@emerald_villas","twitter_misc":{"Dur\u00e9e de lecture estim\u00e9e":"3 minutes"},"schema":{"@context":"https:\/\/schema.org","@graph":[{"@type":"WebPage","@id":"https:\/\/emerald-villas.gr\/fr\/comment-se-rendre-a-nos-villas\/","url":"https:\/\/emerald-villas.gr\/fr\/comment-se-rendre-a-nos-villas\/","name":"COMMENT SE RENDRE \u00c0 NOS VILLAS - Emerald Villas &amp; Suites","isPartOf":{"@id":"https:\/\/emerald-villas.gr\/fr\/#website"},"datePublished":"2020-11-20T13:55:14+00:00","dateModified":"2021-02-01T11:33:51+00:00","description":"COMMENT SE RENDRE \u00c0 NOS VILLAS - Emerald Villas & Suites. Luxury stone built villas in Zakynthos, Greece. Enjoy your vacation in rooms of stunning sea view.","breadcrumb":{"@id":"https:\/\/emerald-villas.gr\/fr\/comment-se-rendre-a-nos-villas\/#breadcrumb"},"inLanguage":"fr-FR","potentialAction":[{"@type":"ReadAction","target":["https:\/\/emerald-villas.gr\/fr\/comment-se-rendre-a-nos-villas\/"]}]},{"@type":"BreadcrumbList","@id":"https:\/\/emerald-villas.gr\/fr\/comment-se-rendre-a-nos-villas\/#breadcrumb","itemListElement":[{"@type":"ListItem","position":1,"name":"Home","item":"https:\/\/emerald-villas.gr\/fr\/"},{"@type":"ListItem","position":2,"name":"COMMENT SE RENDRE \u00c0 NOS VILLAS"}]},{"@type":"WebSite","@id":"https:\/\/emerald-villas.gr\/fr\/#website","url":"https:\/\/emerald-villas.gr\/fr\/","name":"Emerald Villas &amp; Suites","description":"Luxury Villas in Zakynthos Greece","publisher":{"@id":"https:\/\/emerald-villas.gr\/fr\/#organization"},"potentialAction":[{"@type":"SearchAction","target":{"@type":"EntryPoint","urlTemplate":"https:\/\/emerald-villas.gr\/fr\/?s={search_term_string}"},"query-input":{"@type":"PropertyValueSpecification","valueRequired":true,"valueName":"search_term_string"}}],"inLanguage":"fr-FR"},{"@type":"Organization","@id":"https:\/\/emerald-villas.gr\/fr\/#organization","name":"Emerald Villas & Suites","url":"https:\/\/emerald-villas.gr\/fr\/","logo":{"@type":"ImageObject","inLanguage":"fr-FR","@id":"https:\/\/emerald-villas.gr\/fr\/#\/schema\/logo\/image\/","url":"https:\/\/emerald-villas.gr\/wp-content\/uploads\/2020\/11\/logo_emerald_200.png","contentUrl":"https:\/\/emerald-villas.gr\/wp-content\/uploads\/2020\/11\/logo_emerald_200.png","width":200,"height":56,"caption":"Emerald Villas & Suites"},"image":{"@id":"https:\/\/emerald-villas.gr\/fr\/#\/schema\/logo\/image\/"},"sameAs":["https:\/\/www.facebook.com\/emerald.villas\/","https:\/\/x.com\/emerald_villas","https:\/\/www.instagram.com\/emerald_villas\/","https:\/\/www.youtube.com\/channel\/UCFyKZatvF0ez6RybGT6HkXA"]}]}},"_links":{"self":[{"href":"https:\/\/emerald-villas.gr\/fr\/wp-json\/wp\/v2\/pages\/4002","targetHints":{"allow":["GET"]}}],"collection":[{"href":"https:\/\/emerald-villas.gr\/fr\/wp-json\/wp\/v2\/pages"}],"about":[{"href":"https:\/\/emerald-villas.gr\/fr\/wp-json\/wp\/v2\/types\/page"}],"author":[{"embeddable":true,"href":"https:\/\/emerald-villas.gr\/fr\/wp-json\/wp\/v2\/users\/1"}],"replies":[{"embeddable":true,"href":"https:\/\/emerald-villas.gr\/fr\/wp-json\/wp\/v2\/comments?post=4002"}],"version-history":[{"count":3,"href":"https:\/\/emerald-villas.gr\/fr\/wp-json\/wp\/v2\/pages\/4002\/revisions"}],"predecessor-version":[{"id":4010,"href":"https:\/\/emerald-villas.gr\/fr\/wp-json\/wp\/v2\/pages\/4002\/revisions\/4010"}],"wp:attachment":[{"href":"https:\/\/emerald-villas.gr\/fr\/wp-json\/wp\/v2\/media?parent=4002"}],"curies":[{"name":"wp","href":"https:\/\/api.w.org\/{rel}","templated":true}]}}