{"id":3976,"date":"2020-11-23T13:26:33","date_gmt":"2020-11-23T11:26:33","guid":{"rendered":"https:\/\/emerald-villas.gr\/reservation\/"},"modified":"2025-11-03T12:49:00","modified_gmt":"2025-11-03T10:49:00","slug":"reservation","status":"publish","type":"page","link":"https:\/\/emerald-villas.gr\/fr\/reservation\/","title":{"rendered":"R\u00e9servation"},"content":{"rendered":"<div class=\"wpb-content-wrapper\"><p>[vc_row full_width=\u00a0\u00bbstretch_row\u00a0\u00bb css=\u00a0\u00bb.vc_custom_1497004378733{background-color: #fafafa !important;background-position: 0 0 !important;background-repeat: no-repeat !important;}\u00a0\u00bb el_class=\u00a0\u00bbtours\u00a0\u00bb][vc_column][lab_heading title_tag=\u00a0\u00bbH1&Prime; title=\u00a0\u00bbR\u00e9servations\u00a0\u00bb css=\u00a0\u00bb.vc_custom_1612174918652{margin-bottom: 0px !important;}\u00a0\u00bb][\/lab_heading][\/vc_column][\/vc_row][vc_row full_width=\u00a0\u00bbstretch_row\u00a0\u00bb css=\u00a0\u00bb.vc_custom_1606139657007{padding-top: 2vh !important;padding-bottom: 2vh !important;background-color: #fafafa !important;}\u00a0\u00bb][vc_column width=\u00a0\u00bb2\/3&Prime; css=\u00a0\u00bb.vc_custom_1606138970571{padding-right: 15px !important;padding-left: 15px !important;}\u00a0\u00bb][vc_custom_heading text=\u00a0\u00bbFormulaire de demande\u00a0\u00bb use_theme_fonts=\u00a0\u00bbyes\u00a0\u00bb]\n<div class=\"wpcf7 no-js\" id=\"wpcf7-f3979-o1\" lang=\"en-US\" dir=\"ltr\" data-wpcf7-id=\"3979\">\n<div class=\"screen-reader-response\"><p role=\"status\" aria-live=\"polite\" aria-atomic=\"true\"><\/p> <ul><\/ul><\/div>\n<form action=\"\/fr\/wp-json\/wp\/v2\/pages\/3976#wpcf7-f3979-o1\" method=\"post\" class=\"wpcf7-form init\" aria-label=\"Contact form\" novalidate=\"novalidate\" data-status=\"init\">\n<fieldset class=\"hidden-fields-container\"><input type=\"hidden\" name=\"_wpcf7\" value=\"3979\" \/><input type=\"hidden\" name=\"_wpcf7_version\" value=\"6.1.5\" \/><input type=\"hidden\" name=\"_wpcf7_locale\" value=\"en_US\" \/><input type=\"hidden\" name=\"_wpcf7_unit_tag\" value=\"wpcf7-f3979-o1\" \/><input type=\"hidden\" name=\"_wpcf7_container_post\" value=\"0\" \/><input type=\"hidden\" name=\"_wpcf7_posted_data_hash\" value=\"\" \/><input type=\"hidden\" name=\"_wpcf7_recaptcha_response\" value=\"\" \/>\n<\/fieldset>\n<p>Les champs marqu\u00e9s d'un ast\u00e9risque (*) sont obligatoires\n<\/p>\n<div class=\"content-column full_width\">\n\t<p><label>Nom et pr\u00e9nom *<\/label><br \/>\n<span class=\"wpcf7-form-control-wrap\" data-name=\"your-name\"><input size=\"40\" maxlength=\"400\" class=\"wpcf7-form-control wpcf7-text wpcf7-validates-as-required\" aria-required=\"true\" aria-invalid=\"false\" placeholder=\"Nom et pr\u00e9nom\" value=\"\" type=\"text\" name=\"your-name\" \/><\/span>\n\t<\/p>\n<\/div>\n<div class=\"clear_column\">\n<\/div>\n<div class=\"content-column one_half\">\n\t<div style=\"padding:\"0;\">\n\t<\/div>\n\t<p><label>Num\u00e9ro de t\u00e9l\u00e9phone *<\/label><br \/>\n<span class=\"wpcf7-form-control-wrap\" data-name=\"tilefono\"><input size=\"40\" maxlength=\"400\" class=\"wpcf7-form-control wpcf7-tel wpcf7-validates-as-required wpcf7-text wpcf7-validates-as-tel\" aria-required=\"true\" aria-invalid=\"false\" placeholder=\"T\u00e9l\u00e9phone  \/ Mobile\" value=\"\" type=\"tel\" name=\"tilefono\" \/><\/span>\n\t<\/p>\n<\/div>\n<div class=\"content-column one_half last_column\">\n\t<p><label> E-mail *<\/label><br \/>\n<span class=\"wpcf7-form-control-wrap\" data-name=\"your-email\"><input size=\"40\" maxlength=\"400\" class=\"wpcf7-form-control wpcf7-email wpcf7-validates-as-required wpcf7-text wpcf7-validates-as-email\" aria-required=\"true\" aria-invalid=\"false\" placeholder=\"Adresse Email\" value=\"\" type=\"email\" name=\"your-email\" \/><\/span>\n\t<\/p>\n<\/div>\n<div class=\"clear_column\">\n<\/div>\n<div class=\"content-column full_width\">\n\t<p><label>Choisissez Emerald * <\/label><br \/>\n<span class=\"wpcf7-form-control-wrap\" data-name=\"ChooseEmerald\"><select class=\"wpcf7-form-control wpcf7-select wpcf7-validates-as-required\" aria-required=\"true\" aria-invalid=\"false\" name=\"ChooseEmerald\"><option value=\"\">&#8212;Please choose an option&#8212;<\/option><option value=\"Emerald Suites\">Emerald Suites<\/option><option value=\"Emerald Cave Suites\">Emerald Cave Suites<\/option><option value=\"Emerald Classic Villa\">Emerald Classic Villa<\/option><option value=\"Emerald Superior Villa\">Emerald Superior Villa<\/option><option value=\"Emerald Deluxe Villa\">Emerald Deluxe Villa<\/option><option value=\"Emerald Honeymoon Suites\">Emerald Honeymoon Suites<\/option><option value=\"Emerald Honeymoon Cave Suites\">Emerald Honeymoon Cave Suites<\/option><\/select><\/span>\n\t<\/p>\n<\/div>\n<div class=\"clear_column\">\n<\/div>\n<p><label> Questions et commentaires <\/label><br \/>\n<span class=\"wpcf7-form-control-wrap\" data-name=\"your-message\"><textarea cols=\"40\" rows=\"10\" maxlength=\"2000\" class=\"wpcf7-form-control wpcf7-textarea\" aria-invalid=\"false\" name=\"your-message\">Votre question ou commentaire<\/textarea><\/span>\n<\/p>\n<p><span class=\"wpcf7-form-control-wrap\" data-name=\"acceptance-378\"><span class=\"wpcf7-form-control wpcf7-acceptance\"><span class=\"wpcf7-list-item\"><label><input type=\"checkbox\" name=\"acceptance-378\" value=\"1\" aria-invalid=\"false\" \/><span class=\"wpcf7-list-item-label\">Acceptez nos <a href=\"\/fr\/confidentialite-modalites\/\">conditions de confidentialit\u00e9<\/a><\/span><\/label><\/span><\/span><\/span>\n<\/p>\n<div class=\"content-column one_half\">\n<\/div>\n<div class=\"content-column one_half last_column\">\n\t<p><input class=\"wpcf7-form-control wpcf7-submit has-spinner Cbtn\" type=\"submit\" value=\"Soumettre\" \/>\n\t<\/p>\n<\/div><div class=\"wpcf7-response-output\" aria-hidden=\"true\"><\/div>\n<\/form>\n<\/div>\n[vc_empty_space height=\u00a0\u00bb110px\u00a0\u00bb][vc_column_text css=\u00a0\u00bb.vc_custom_1697714288791{border-top-width: 2px !important;border-right-width: 2px !important;border-bottom-width: 2px !important;border-left-width: 2px !important;padding-top: 50px !important;padding-right: 25px !important;padding-bottom: 50px !important;padding-left: 25px !important;background-image: url(https:\/\/emerald-villas.gr\/wp-content\/uploads\/2020\/11\/contact_t_img.jpg?id=2661) !important;background-position: center !important;background-repeat: no-repeat !important;background-size: cover !important;border-left-color: #5dc09c !important;border-left-style: solid !important;border-right-color: #5dc09c !important;border-right-style: solid !important;border-top-color: #5dc09c !important;border-top-style: solid !important;border-bottom-color: #5dc09c !important;border-bottom-style: solid !important;}\u00a0\u00bb]<\/p>\n<h3><span style=\"color: #ffffff;\">Contact<\/span><\/h3>\n<p><span style=\"color: #ffffff;\">ST. NICHOLAS VOLIMES, Postal Code: 29091, ZAKYNTHOS, GREECE<\/span><br \/>\n<span style=\"color: #ffffff;\">T.<a style=\"color: #ffffff;\" href=\"tel:+302695032006\">+30 26950 32006<\/a><\/span><br \/>\n<span style=\"color: #ffffff;\">E. <a style=\"color: #ffffff;\" href=\"mailto:reservations@emerald-villas.gr\">reservations@emerald-villas.gr<\/a><\/span><br \/>\n<span style=\"color: #ffffff;\">M.H.T.E. 08 28 K 10 00 05832 00<\/span><br \/>\n<span style=\"color: #ffffff;\">\u039c.\u0397.\u03a4.\u0395. 0828 \u039a 100008802501<\/span>[\/vc_column_text][vc_row_inner css=\u00a0\u00bb.vc_custom_1606139032911{padding-right: 15px !important;padding-left: 15px !important;}\u00a0\u00bb][vc_column_inner][vc_toggle title=\u00a0\u00bbPlans de r\u00e9servation &#8211; Conditions de paiement &#8211; Politique d&rsquo;annulation Meilleur plan de r\u00e9servation flexible &#8211; Politique de paiement\u00a0\u00bb style=\u00a0\u00bbsquare_outline\u00a0\u00bb color=\u00a0\u00bbvista_blue\u00a0\u00bb css=\u00a0\u00bb\u00a0\u00bb]<strong>Best Flexible Booking Plan \u2013 Payment Policy<\/strong><\/p>\n<ul>\n<li>This rate allows booking modifications or cancellation with <strong>free cancellation option up to<\/strong> <strong>60 days before arrival<\/strong>.<\/li>\n<li>A deposit <strong>of 30%<\/strong> of the total rental value is required<strong> instantly<\/strong> upon booking to confirm the reservation<\/li>\n<li>The remaining amount (<strong>70%) is paid <\/strong><strong>on<\/strong><strong> arrival strictly during check in procedure<\/strong><\/li>\n<\/ul>\n<p><strong>Best Flexible Booking Plan \u2013 Cancellation Policy<\/strong><\/p>\n<ul>\n<li>If booking is cancelled 60 days or more prior to arrival date, no cancellation fee will be charged \u00a0(the 30% deposit is refundable in this case)<\/li>\n<li>If booking is cancelled less than 60 days prior to arrival date , \u00a0the 30% deposit of the total amount of the booking already charged will <strong>not be refunded<\/strong>.<\/li>\n<li>In case of an early departure or Non Show, 100% will be charged to your credit card<\/li>\n<\/ul>\n<p><strong>Non Refundable Booking Plan \u2013 Payment Policy<\/strong><\/p>\n<ul>\n<li>A 10% discount has been applied to this Booking Plan therefore\u00a0<strong>no Free Cancellation \u2013 or amendment in dates \/ type of accommodation is allowed.<\/strong><\/li>\n<li>Full prepayment 100% is required at the time of Booking. Pre payment is charged at your credit card.<\/li>\n<\/ul>\n<p><strong>Non Refundable Booking Plan \u2013 Cancellation Policy<\/strong><\/p>\n<ul>\n<li>The amount is not refundable in case of cancellation or modification<\/li>\n<\/ul>\n<p>[\/vc_toggle][vc_toggle title=\u00a0\u00bbConditions de r\u00e9servation\u00a0\u00bb style=\u00a0\u00bbsquare_outline\u00a0\u00bb color=\u00a0\u00bbvista_blue\u00a0\u00bb css=\u00a0\u00bb\u00a0\u00bb]Check In: 14:00 \u2013 Check Out: 11:00.<br \/>\nGuests have complete use of the villa.<br \/>\nAll credit cards are accepted <strong><em>apart from AMEX , DINERS<\/em><\/strong> .<\/p>\n<p><strong>NO PETS ALLOWED<\/strong><br \/>\nNo Hidden Fees.[\/vc_toggle][\/vc_column_inner][\/vc_row_inner][\/vc_column][vc_column width=\u00a0\u00bb1\/3&Prime;][vc_row_inner css=\u00a0\u00bb.vc_custom_1606143974862{margin-right: 5px !important;margin-bottom: 30px !important;margin-left: 5px !important;padding-top: 10px !important;padding-right: 10px !important;padding-bottom: 10px !important;padding-left: 10px !important;background-color: #5dc09c !important;}\u00a0\u00bb][vc_column_inner css=\u00a0\u00bb.vc_custom_1606143769937{padding-top: 15px !important;padding-bottom: 15px !important;}\u00a0\u00bb][vc_custom_heading text=\u00a0\u00bbR\u00e9servation en ligne et recherche de disponibilit\u00e9\u00a0\u00bb font_container=\u00a0\u00bbtag:h3|text_align:left|color:%23ffffff\u00a0\u00bb use_theme_fonts=\u00a0\u00bbyes\u00a0\u00bb][vc_column_text css=\u00a0\u00bb.vc_custom_1612515791980{margin-bottom: 15px !important;}\u00a0\u00bb el_class=\u00a0\u00bblight\u00a0\u00bb]<span style=\"color: #ffffff;\">Vous pouvez r\u00e9server en ligne et trouver les meilleures<br \/>\noffres pour nos villas et suites<\/span>[\/vc_column_text][lab_button title=\u00a0\u00bbR\u00c9SERVEZ MAINTENANT\u00a0\u00bb type=\u00a0\u00bboutlined\u00a0\u00bb button_bg=\u00a0\u00bbcustom\u00a0\u00bb link=\u00a0\u00bburl:https%3A%2F%2Femeraldvillas.reserve-online.net%2F|target:_blank\u00a0\u00bb button_txt_custom=\u00a0\u00bb#ffffff\u00a0\u00bb button_txt_hover_custom=\u00a0\u00bb#e5e5e5&Prime;][\/vc_column_inner][\/vc_row_inner][vc_row_inner css=\u00a0\u00bb.vc_custom_1613720233536{margin-right: 5px !important;margin-bottom: 30px !important;margin-left: 5px !important;padding-top: 10px !important;padding-right: 10px !important;padding-bottom: 10px !important;padding-left: 10px !important;background: #5dc09c url(https:\/\/emerald-villas.gr\/wp-content\/uploads\/2020\/11\/book_payments_banner_2.jpg?id=2689) !important;background-position: center !important;background-repeat: no-repeat !important;background-size: cover !important;}\u00a0\u00bb][vc_column_inner css=\u00a0\u00bb.vc_custom_1606143776712{padding-top: 15px !important;padding-bottom: 15px !important;}\u00a0\u00bb][vc_custom_heading text=\u00a0\u00bbPaiements en ligne\u00a0\u00bb font_container=\u00a0\u00bbtag:h3|text_align:left|color:%23ffffff\u00a0\u00bb use_theme_fonts=\u00a0\u00bbyes\u00a0\u00bb][vc_column_text css=\u00a0\u00bb.vc_custom_1613987415893{margin-bottom: 15px !important;}\u00a0\u00bb el_class=\u00a0\u00bblight\u00a0\u00bb]<span style=\"color: #ffffff;\">Choisissez le paiement de votre h\u00e9bergement:<\/span>[\/vc_column_text][lab_button title=\u00a0\u00bbEmerald Classic &amp; Superior Villas\u00a0\u00bb type=\u00a0\u00bboutlined\u00a0\u00bb button_bg=\u00a0\u00bbcustom\u00a0\u00bb link=\u00a0\u00bburl:%2Ffr%2Fproduct%2Fdeposit-payment-for-emerald-classic-superior-villas%2F\u00a0\u00bb button_txt_custom=\u00a0\u00bb#ffffff\u00a0\u00bb button_txt_hover_custom=\u00a0\u00bb#5dc09c\u00a0\u00bb css=\u00a0\u00bb.vc_custom_1613981966151{margin-bottom: 20px !important;}\u00a0\u00bb][lab_button title=\u00a0\u00bbEmerald Deluxe Villas &amp; Emerlad Suites &amp; Emerald Cave Suites\u00a0\u00bb type=\u00a0\u00bboutlined\u00a0\u00bb button_bg=\u00a0\u00bbcustom\u00a0\u00bb link=\u00a0\u00bburl:%2Ffr%2Fproduct%2Fdeposit-payment-for-emerald-cave-suites%2F\u00a0\u00bb button_txt_custom=\u00a0\u00bb#ffffff\u00a0\u00bb button_txt_hover_custom=\u00a0\u00bb#5dc09c\u00a0\u00bb][vc_empty_space height=\u00a0\u00bb50px\u00a0\u00bb][\/vc_column_inner][\/vc_row_inner][vc_row_inner css=\u00a0\u00bb.vc_custom_1606143993679{margin-right: 5px !important;margin-bottom: 30px !important;margin-left: 5px !important;padding-top: 10px !important;padding-right: 10px !important;padding-bottom: 10px !important;padding-left: 10px !important;background-color: #17437f !important;}\u00a0\u00bb][vc_column_inner css=\u00a0\u00bb.vc_custom_1606136913612{padding-top: 15px !important;padding-bottom: 15px !important;}\u00a0\u00bb][vc_custom_heading text=\u00a0\u00bbR\u00e9servez un ferry en ligne\u00a0\u00bb font_container=\u00a0\u00bbtag:h3|text_align:left|color:%23ffffff\u00a0\u00bb use_theme_fonts=\u00a0\u00bbyes\u00a0\u00bb][vc_single_image image=\u00a0\u00bb2648&Prime; img_size=\u00a0\u00bbfull\u00a0\u00bb alignment=\u00a0\u00bbcenter\u00a0\u00bb onclick=\u00a0\u00bbcustom_link\u00a0\u00bb img_link_target=\u00a0\u00bb_blank\u00a0\u00bb css=\u00a0\u00bb.vc_custom_1606136734331{margin-bottom: 20px !important;}\u00a0\u00bb link=\u00a0\u00bbhttps:\/\/www.levanteferries.com\/\u00a0\u00bb][lab_button title=\u00a0\u00bbR\u00c9SERVEZ MAINTENANT\u00a0\u00bb type=\u00a0\u00bboutlined\u00a0\u00bb button_bg=\u00a0\u00bbcustom\u00a0\u00bb link=\u00a0\u00bburl:https%3A%2F%2Fwww.levanteferries.com%2F|target:_blank\u00a0\u00bb button_txt_custom=\u00a0\u00bb#ffffff\u00a0\u00bb button_txt_hover_custom=\u00a0\u00bb#e5e5e5&Prime;][\/vc_column_inner][\/vc_row_inner][\/vc_column][\/vc_row][vc_row disable_element=\u00a0\u00bbyes\u00a0\u00bb][vc_column][vc_row_inner css=\u00a0\u00bb.vc_custom_1606143988001{margin-right: 5px !important;margin-bottom: 30px !important;margin-left: 5px !important;padding-top: 10px !important;padding-right: 10px !important;padding-bottom: 10px !important;padding-left: 10px !important;background-color: #d2ac2c !important;}\u00a0\u00bb][vc_column_inner css=\u00a0\u00bb.vc_custom_1606136906608{padding-top: 15px !important;padding-bottom: 15px !important;}\u00a0\u00bb][vc_custom_heading text=\u00a0\u00bbRent a Car Online\u00a0\u00bb font_container=\u00a0\u00bbtag:h3|text_align:left|color:%23ffffff\u00a0\u00bb use_theme_fonts=\u00a0\u00bbyes\u00a0\u00bb][vc_single_image image=\u00a0\u00bb2616&Prime; img_size=\u00a0\u00bbfull\u00a0\u00bb alignment=\u00a0\u00bbcenter\u00a0\u00bb onclick=\u00a0\u00bbcustom_link\u00a0\u00bb img_link_target=\u00a0\u00bb_blank\u00a0\u00bb css=\u00a0\u00bb.vc_custom_1606136688178{margin-bottom: 20px !important;}\u00a0\u00bb link=\u00a0\u00bbhttps:\/\/www.goldengroupinzante.com\/en-car-rentals.html\u00a0\u00bb][lab_button title=\u00a0\u00bbONLINE BOOKING\u00a0\u00bb type=\u00a0\u00bboutlined\u00a0\u00bb button_bg=\u00a0\u00bbcustom\u00a0\u00bb link=\u00a0\u00bburl:https%3A%2F%2Fwww.goldengroupinzante.com%2Fen-car-rentals.html|target:_blank\u00a0\u00bb button_txt_custom=\u00a0\u00bb#ffffff\u00a0\u00bb button_txt_hover_custom=\u00a0\u00bb#e5e5e5&Prime;][\/vc_column_inner][\/vc_row_inner][\/vc_column][\/vc_row]<\/p>\n<\/div>","protected":false},"excerpt":{"rendered":"<p>[vc_row full_width=\u00a0\u00bbstretch_row\u00a0\u00bb css=\u00a0\u00bb.vc_custom_1497004378733{background-color: #fafafa !important;background-position: 0 0 !important;background-repeat: no-repeat !important;}\u00a0\u00bb el_class=\u00a0\u00bbtours\u00a0\u00bb][vc_column][lab_heading title_tag=\u00a0\u00bbH1&Prime; title=\u00a0\u00bbR\u00e9servations\u00a0\u00bb css=\u00a0\u00bb.vc_custom_1612174918652{margin-bottom: 0px !important;}\u00a0\u00bb][\/lab_heading][\/vc_column][\/vc_row][vc_row full_width=\u00a0\u00bbstretch_row\u00a0\u00bb css=\u00a0\u00bb.vc_custom_1606139657007{padding-top: 2vh !important;padding-bottom: 2vh !important;background-color: #fafafa !important;}\u00a0\u00bb][vc_column width=\u00a0\u00bb2\/3&Prime; css=\u00a0\u00bb.vc_custom_1606138970571{padding-right: 15px !important;padding-left: 15px !important;}\u00a0\u00bb][vc_custom_heading text=\u00a0\u00bbFormulaire de demande\u00a0\u00bb use_theme_fonts=\u00a0\u00bbyes\u00a0\u00bb][vc_empty_space height=\u00a0\u00bb110px\u00a0\u00bb][vc_column_text css=\u00a0\u00bb.vc_custom_1697714288791{border-top-width: 2px !important;border-right-width: 2px !important;border-bottom-width: 2px !important;border-left-width: 2px !important;padding-top: 50px !important;padding-right: 25px !important;padding-bottom: 50px !important;padding-left: 25px !important;background-image: url(https:\/\/emerald-villas.gr\/wp-content\/uploads\/2020\/11\/contact_t_img.jpg?id=2661) !important;background-position: center&hellip;<\/p>\n","protected":false},"author":1,"featured_media":0,"parent":0,"menu_order":0,"comment_status":"closed","ping_status":"closed","template":"","meta":{"_acf_changed":false,"footnotes":""},"class_list":["post-3976","page","type-page","status-publish","hentry"],"acf":[],"yoast_head":"<!-- This site is optimized with the Yoast SEO plugin v27.3 - https:\/\/yoast.com\/product\/yoast-seo-wordpress\/ -->\n<title>R\u00e9servation - Emerald Villas &amp; Suites<\/title>\n<meta name=\"description\" content=\"R\u00e9servation - Emerald Villas &amp; Suites. Luxury stone built villas in Zakynthos, Greece. Enjoy your vacation in rooms of stunning sea view.\" \/>\n<meta name=\"robots\" content=\"index, follow, max-snippet:-1, max-image-preview:large, max-video-preview:-1\" \/>\n<link rel=\"canonical\" href=\"https:\/\/emerald-villas.gr\/fr\/reservation\/\" \/>\n<meta property=\"og:locale\" content=\"fr_FR\" \/>\n<meta property=\"og:type\" content=\"article\" \/>\n<meta property=\"og:title\" content=\"R\u00e9servation - Emerald Villas &amp; Suites\" \/>\n<meta property=\"og:description\" content=\"R\u00e9servation - Emerald Villas &amp; Suites. Luxury stone built villas in Zakynthos, Greece. Enjoy your vacation in rooms of stunning sea view.\" \/>\n<meta property=\"og:url\" content=\"https:\/\/emerald-villas.gr\/fr\/reservation\/\" \/>\n<meta property=\"og:site_name\" content=\"Emerald Villas &amp; Suites\" \/>\n<meta property=\"article:publisher\" content=\"https:\/\/www.facebook.com\/emerald.villas\/\" \/>\n<meta property=\"article:modified_time\" content=\"2025-11-03T10:49:00+00:00\" \/>\n<meta name=\"twitter:card\" content=\"summary_large_image\" \/>\n<meta name=\"twitter:site\" content=\"@emerald_villas\" \/>\n<meta name=\"twitter:label1\" content=\"Dur\u00e9e de lecture estim\u00e9e\" \/>\n\t<meta name=\"twitter:data1\" content=\"4 minutes\" \/>\n<script type=\"application\/ld+json\" class=\"yoast-schema-graph\">{\"@context\":\"https:\\\/\\\/schema.org\",\"@graph\":[{\"@type\":\"WebPage\",\"@id\":\"https:\\\/\\\/emerald-villas.gr\\\/fr\\\/reservation\\\/\",\"url\":\"https:\\\/\\\/emerald-villas.gr\\\/fr\\\/reservation\\\/\",\"name\":\"R\u00e9servation - Emerald Villas &amp; Suites\",\"isPartOf\":{\"@id\":\"https:\\\/\\\/emerald-villas.gr\\\/fr\\\/#website\"},\"datePublished\":\"2020-11-23T11:26:33+00:00\",\"dateModified\":\"2025-11-03T10:49:00+00:00\",\"description\":\"R\u00e9servation - Emerald Villas & Suites. Luxury stone built villas in Zakynthos, Greece. Enjoy your vacation in rooms of stunning sea view.\",\"breadcrumb\":{\"@id\":\"https:\\\/\\\/emerald-villas.gr\\\/fr\\\/reservation\\\/#breadcrumb\"},\"inLanguage\":\"fr-FR\",\"potentialAction\":[{\"@type\":\"ReadAction\",\"target\":[\"https:\\\/\\\/emerald-villas.gr\\\/fr\\\/reservation\\\/\"]}]},{\"@type\":\"BreadcrumbList\",\"@id\":\"https:\\\/\\\/emerald-villas.gr\\\/fr\\\/reservation\\\/#breadcrumb\",\"itemListElement\":[{\"@type\":\"ListItem\",\"position\":1,\"name\":\"Home\",\"item\":\"https:\\\/\\\/emerald-villas.gr\\\/fr\\\/\"},{\"@type\":\"ListItem\",\"position\":2,\"name\":\"R\u00e9servation\"}]},{\"@type\":\"WebSite\",\"@id\":\"https:\\\/\\\/emerald-villas.gr\\\/fr\\\/#website\",\"url\":\"https:\\\/\\\/emerald-villas.gr\\\/fr\\\/\",\"name\":\"Emerald Villas &amp; Suites\",\"description\":\"Luxury Villas in Zakynthos Greece\",\"publisher\":{\"@id\":\"https:\\\/\\\/emerald-villas.gr\\\/fr\\\/#organization\"},\"potentialAction\":[{\"@type\":\"SearchAction\",\"target\":{\"@type\":\"EntryPoint\",\"urlTemplate\":\"https:\\\/\\\/emerald-villas.gr\\\/fr\\\/?s={search_term_string}\"},\"query-input\":{\"@type\":\"PropertyValueSpecification\",\"valueRequired\":true,\"valueName\":\"search_term_string\"}}],\"inLanguage\":\"fr-FR\"},{\"@type\":\"Organization\",\"@id\":\"https:\\\/\\\/emerald-villas.gr\\\/fr\\\/#organization\",\"name\":\"Emerald Villas & Suites\",\"url\":\"https:\\\/\\\/emerald-villas.gr\\\/fr\\\/\",\"logo\":{\"@type\":\"ImageObject\",\"inLanguage\":\"fr-FR\",\"@id\":\"https:\\\/\\\/emerald-villas.gr\\\/fr\\\/#\\\/schema\\\/logo\\\/image\\\/\",\"url\":\"https:\\\/\\\/emerald-villas.gr\\\/wp-content\\\/uploads\\\/2020\\\/11\\\/logo_emerald_200.png\",\"contentUrl\":\"https:\\\/\\\/emerald-villas.gr\\\/wp-content\\\/uploads\\\/2020\\\/11\\\/logo_emerald_200.png\",\"width\":200,\"height\":56,\"caption\":\"Emerald Villas & Suites\"},\"image\":{\"@id\":\"https:\\\/\\\/emerald-villas.gr\\\/fr\\\/#\\\/schema\\\/logo\\\/image\\\/\"},\"sameAs\":[\"https:\\\/\\\/www.facebook.com\\\/emerald.villas\\\/\",\"https:\\\/\\\/x.com\\\/emerald_villas\",\"https:\\\/\\\/www.instagram.com\\\/emerald_villas\\\/\",\"https:\\\/\\\/www.youtube.com\\\/channel\\\/UCFyKZatvF0ez6RybGT6HkXA\"]}]}<\/script>\n<!-- \/ Yoast SEO plugin. -->","yoast_head_json":{"title":"R\u00e9servation - Emerald Villas &amp; Suites","description":"R\u00e9servation - Emerald Villas & Suites. Luxury stone built villas in Zakynthos, Greece. Enjoy your vacation in rooms of stunning sea view.","robots":{"index":"index","follow":"follow","max-snippet":"max-snippet:-1","max-image-preview":"max-image-preview:large","max-video-preview":"max-video-preview:-1"},"canonical":"https:\/\/emerald-villas.gr\/fr\/reservation\/","og_locale":"fr_FR","og_type":"article","og_title":"R\u00e9servation - Emerald Villas &amp; Suites","og_description":"R\u00e9servation - Emerald Villas & Suites. Luxury stone built villas in Zakynthos, Greece. Enjoy your vacation in rooms of stunning sea view.","og_url":"https:\/\/emerald-villas.gr\/fr\/reservation\/","og_site_name":"Emerald Villas &amp; Suites","article_publisher":"https:\/\/www.facebook.com\/emerald.villas\/","article_modified_time":"2025-11-03T10:49:00+00:00","twitter_card":"summary_large_image","twitter_site":"@emerald_villas","twitter_misc":{"Dur\u00e9e de lecture estim\u00e9e":"4 minutes"},"schema":{"@context":"https:\/\/schema.org","@graph":[{"@type":"WebPage","@id":"https:\/\/emerald-villas.gr\/fr\/reservation\/","url":"https:\/\/emerald-villas.gr\/fr\/reservation\/","name":"R\u00e9servation - Emerald Villas &amp; Suites","isPartOf":{"@id":"https:\/\/emerald-villas.gr\/fr\/#website"},"datePublished":"2020-11-23T11:26:33+00:00","dateModified":"2025-11-03T10:49:00+00:00","description":"R\u00e9servation - Emerald Villas & Suites. Luxury stone built villas in Zakynthos, Greece. Enjoy your vacation in rooms of stunning sea view.","breadcrumb":{"@id":"https:\/\/emerald-villas.gr\/fr\/reservation\/#breadcrumb"},"inLanguage":"fr-FR","potentialAction":[{"@type":"ReadAction","target":["https:\/\/emerald-villas.gr\/fr\/reservation\/"]}]},{"@type":"BreadcrumbList","@id":"https:\/\/emerald-villas.gr\/fr\/reservation\/#breadcrumb","itemListElement":[{"@type":"ListItem","position":1,"name":"Home","item":"https:\/\/emerald-villas.gr\/fr\/"},{"@type":"ListItem","position":2,"name":"R\u00e9servation"}]},{"@type":"WebSite","@id":"https:\/\/emerald-villas.gr\/fr\/#website","url":"https:\/\/emerald-villas.gr\/fr\/","name":"Emerald Villas &amp; Suites","description":"Luxury Villas in Zakynthos Greece","publisher":{"@id":"https:\/\/emerald-villas.gr\/fr\/#organization"},"potentialAction":[{"@type":"SearchAction","target":{"@type":"EntryPoint","urlTemplate":"https:\/\/emerald-villas.gr\/fr\/?s={search_term_string}"},"query-input":{"@type":"PropertyValueSpecification","valueRequired":true,"valueName":"search_term_string"}}],"inLanguage":"fr-FR"},{"@type":"Organization","@id":"https:\/\/emerald-villas.gr\/fr\/#organization","name":"Emerald Villas & Suites","url":"https:\/\/emerald-villas.gr\/fr\/","logo":{"@type":"ImageObject","inLanguage":"fr-FR","@id":"https:\/\/emerald-villas.gr\/fr\/#\/schema\/logo\/image\/","url":"https:\/\/emerald-villas.gr\/wp-content\/uploads\/2020\/11\/logo_emerald_200.png","contentUrl":"https:\/\/emerald-villas.gr\/wp-content\/uploads\/2020\/11\/logo_emerald_200.png","width":200,"height":56,"caption":"Emerald Villas & Suites"},"image":{"@id":"https:\/\/emerald-villas.gr\/fr\/#\/schema\/logo\/image\/"},"sameAs":["https:\/\/www.facebook.com\/emerald.villas\/","https:\/\/x.com\/emerald_villas","https:\/\/www.instagram.com\/emerald_villas\/","https:\/\/www.youtube.com\/channel\/UCFyKZatvF0ez6RybGT6HkXA"]}]}},"_links":{"self":[{"href":"https:\/\/emerald-villas.gr\/fr\/wp-json\/wp\/v2\/pages\/3976","targetHints":{"allow":["GET"]}}],"collection":[{"href":"https:\/\/emerald-villas.gr\/fr\/wp-json\/wp\/v2\/pages"}],"about":[{"href":"https:\/\/emerald-villas.gr\/fr\/wp-json\/wp\/v2\/types\/page"}],"author":[{"embeddable":true,"href":"https:\/\/emerald-villas.gr\/fr\/wp-json\/wp\/v2\/users\/1"}],"replies":[{"embeddable":true,"href":"https:\/\/emerald-villas.gr\/fr\/wp-json\/wp\/v2\/comments?post=3976"}],"version-history":[{"count":8,"href":"https:\/\/emerald-villas.gr\/fr\/wp-json\/wp\/v2\/pages\/3976\/revisions"}],"predecessor-version":[{"id":41324,"href":"https:\/\/emerald-villas.gr\/fr\/wp-json\/wp\/v2\/pages\/3976\/revisions\/41324"}],"wp:attachment":[{"href":"https:\/\/emerald-villas.gr\/fr\/wp-json\/wp\/v2\/media?parent=3976"}],"curies":[{"name":"wp","href":"https:\/\/api.w.org\/{rel}","templated":true}]}}