{"id":3956,"date":"2020-11-19T13:56:04","date_gmt":"2020-11-19T11:56:04","guid":{"rendered":"https:\/\/emerald-villas.gr\/covid-19\/"},"modified":"2021-02-01T11:10:03","modified_gmt":"2021-02-01T09:10:03","slug":"covid-19","status":"publish","type":"page","link":"https:\/\/emerald-villas.gr\/fr\/covid-19\/","title":{"rendered":"Covid-19"},"content":{"rendered":"<div class=\"wpb-content-wrapper\"><p>[vc_row full_width=\u00a0\u00bbstretch_row\u00a0\u00bb css=\u00a0\u00bb.vc_custom_1497004378733{background-color: #fafafa !important;background-position: 0 0 !important;background-repeat: no-repeat !important;}\u00a0\u00bb el_class=\u00a0\u00bbtours\u00a0\u00bb][vc_column][lab_heading title_tag=\u00a0\u00bbH1&Prime; title=\u00a0\u00bbAnnonce de Covid-19&Prime; css=\u00a0\u00bb.vc_custom_1612170210211{margin-bottom: 0px !important;}\u00a0\u00bb][\/lab_heading][\/vc_column][\/vc_row][vc_row full_width=\u00a0\u00bbstretch_row\u00a0\u00bb css=\u00a0\u00bb.vc_custom_1605787347569{border-bottom-width: 2vh !important;background-color: #fafafa !important;}\u00a0\u00bb][vc_column][vc_row_inner][vc_column_inner width=\u00a0\u00bb4\/12&Prime;][vc_single_image image=\u00a0\u00bb2435&Prime; img_size=\u00a0\u00bbfull\u00a0\u00bb alignment=\u00a0\u00bbcenter\u00a0\u00bb][\/vc_column_inner][vc_column_inner width=\u00a0\u00bb8\/12&Prime;][vc_column_text]<\/p>\n<h4 class=\"c-font-uppercase\"><em><strong>Plan d&rsquo;action pour la sant\u00e9 Covid-19<\/strong><\/em><\/h4>\n<p>[\/vc_column_text][vc_column_text]La mission de la soci\u00e9t\u00e9 Emerald Villas &amp; Suites est de fournir des services de haute qualit\u00e9 et un h\u00e9bergement de luxe, garantissant un s\u00e9jour s\u00fbr et agr\u00e9able \u00e0 nos clients.<\/p>\n<p>Notre objectif quotidien est de r\u00e9pondre aux attentes de chaque visiteur, en offrant une exp\u00e9rience de vacances belle et m\u00e9morable.<\/p>\n<p>Dans les circonstances actuelles de la pand\u00e9mie de Covid-19, Emerald Villas &amp; Suites a adopt\u00e9 et adapt\u00e9 tous les protocoles de sant\u00e9 recommand\u00e9s par EODY (Greek Public Health Organization), publi\u00e9 par le minist\u00e8re grec du Tourisme.<\/p>\n<p>Sachant que la Gr\u00e8ce a r\u00e9ussi \u00e0 minimiser le risque de contamination et qu&rsquo; Emerald Villas &amp; Suites applique toutes les mesures de pr\u00e9caution n\u00e9cessaires, nous pouvons garantir un s\u00e9jour s\u00fbr et agr\u00e9able, en totale conformit\u00e9 avec les derni\u00e8res r\u00e8gles et r\u00e9glementations.[\/vc_column_text][\/vc_column_inner][\/vc_row_inner][vc_row_inner equal_height=\u00a0\u00bbyes\u00a0\u00bb][vc_column_inner width=\u00a0\u00bb7\/12&Prime;][vc_column_text css=\u00a0\u00bb.vc_custom_1612170524106{margin-bottom: 15px !important;}\u00a0\u00bb]<\/p>\n<h4>Plan d&rsquo;action Emeraude:<\/h4>\n<ul>\n<li>Un coordonnateur de la sant\u00e9 a \u00e9t\u00e9 nomm\u00e9 pour superviser les protocoles de sant\u00e9.<\/li>\n<li>Il y a un m\u00e9decin de garde qui peut agir si n\u00e9cessaire, selon les instructions d&rsquo;EODY.<\/li>\n<li>Le personnel d&rsquo;Emerald est bien form\u00e9 et instruit par Convid-19, suivant toutes les r\u00e8gles d&rsquo;hygi\u00e8ne n\u00e9cessaires pour \u00e9viter la transmission de virus, et munis de tous les \u00e9quipements de protection individuelle n\u00e9cessaires (par ex. masques, gants)<\/li>\n<\/ul>\n<p>[\/vc_column_text][vc_column_text css=\u00a0\u00bb.vc_custom_1612170531801{margin-bottom: 15px !important;}\u00a0\u00bb]<\/p>\n<h4>Tous les types d&rsquo;h\u00e9bergement Emerald:<\/h4>\n<ul>\n<li>Avoir des piscines priv\u00e9es soigneusement v\u00e9rifi\u00e9es et nettoy\u00e9es conform\u00e9ment aux protocoles d&rsquo;hygi\u00e8ne de la piscine<\/li>\n<li>Avoir des terrasses priv\u00e9es et des chaises longues<\/li>\n<li>Sont \u00e9quip\u00e9s de climatisation, d&rsquo;unit\u00e9s autonomes (non centrales), souvent nettoy\u00e9es et st\u00e9rilis\u00e9es<\/li>\n<li>Sont \u00e9quip\u00e9s de masques, gants, gel antiseptique pour les mains et trousses de premiers soins (tout est inclus pour un usage personnel)<\/li>\n<\/ul>\n<p>[\/vc_column_text][vc_column_text]<\/p>\n<h4 style=\"line-height: 1.2; font-size: 16px;\">Le temps entre l&rsquo;enregistrement (\u00e0 16h00) et le d\u00e9part (\u00e0 11h00) a \u00e9t\u00e9 prolong\u00e9 pour un nettoyage en profondeur appropri\u00e9.<br \/>\nLes surfaces en tissu (par ex. Les meubles) seront nettoy\u00e9es avec des appareils \u00e0 vapeur selon les instructions EODY.<\/h4>\n<p>[\/vc_column_text][\/vc_column_inner][vc_column_inner width=\u00a0\u00bb5\/12&Prime;][vc_single_image image=\u00a0\u00bb2882&Prime; img_size=\u00a0\u00bbfull\u00a0\u00bb alignment=\u00a0\u00bbcenter\u00a0\u00bb][\/vc_column_inner][vc_column_inner][\/vc_column_inner][\/vc_row_inner][\/vc_column][\/vc_row]<\/p>\n<\/div>","protected":false},"excerpt":{"rendered":"<p>[vc_row full_width=\u00a0\u00bbstretch_row\u00a0\u00bb css=\u00a0\u00bb.vc_custom_1497004378733{background-color: #fafafa !important;background-position: 0 0 !important;background-repeat: no-repeat !important;}\u00a0\u00bb el_class=\u00a0\u00bbtours\u00a0\u00bb][vc_column][lab_heading title_tag=\u00a0\u00bbH1&Prime; title=\u00a0\u00bbAnnonce de Covid-19&Prime; css=\u00a0\u00bb.vc_custom_1612170210211{margin-bottom: 0px !important;}\u00a0\u00bb][\/lab_heading][\/vc_column][\/vc_row][vc_row full_width=\u00a0\u00bbstretch_row\u00a0\u00bb css=\u00a0\u00bb.vc_custom_1605787347569{border-bottom-width: 2vh !important;background-color: #fafafa !important;}\u00a0\u00bb][vc_column][vc_row_inner][vc_column_inner width=\u00a0\u00bb4\/12&Prime;][vc_single_image image=\u00a0\u00bb2435&Prime; img_size=\u00a0\u00bbfull\u00a0\u00bb alignment=\u00a0\u00bbcenter\u00a0\u00bb][\/vc_column_inner][vc_column_inner width=\u00a0\u00bb8\/12&Prime;][vc_column_text] Plan d&rsquo;action pour la sant\u00e9 Covid-19 [\/vc_column_text][vc_column_text]La mission de la soci\u00e9t\u00e9 Emerald Villas &amp; Suites est de fournir des services de haute qualit\u00e9 et un h\u00e9bergement&hellip;<\/p>\n","protected":false},"author":1,"featured_media":0,"parent":0,"menu_order":0,"comment_status":"closed","ping_status":"closed","template":"","meta":{"_acf_changed":false,"footnotes":""},"class_list":["post-3956","page","type-page","status-publish","hentry"],"acf":[],"yoast_head":"<!-- This site is optimized with the Yoast SEO plugin v27.4 - https:\/\/yoast.com\/product\/yoast-seo-wordpress\/ -->\n<title>Covid-19 - Emerald Villas &amp; Suites<\/title>\n<meta name=\"description\" content=\"Covid-19 - Emerald Villas &amp; Suites. Luxury stone built villas in Zakynthos, Greece. Enjoy your vacation in rooms of stunning sea view.\" \/>\n<meta name=\"robots\" content=\"index, follow, max-snippet:-1, max-image-preview:large, max-video-preview:-1\" \/>\n<link rel=\"canonical\" href=\"https:\/\/emerald-villas.gr\/fr\/covid-19\/\" \/>\n<meta property=\"og:locale\" content=\"fr_FR\" \/>\n<meta property=\"og:type\" content=\"article\" \/>\n<meta property=\"og:title\" content=\"Covid-19 - Emerald Villas &amp; Suites\" \/>\n<meta property=\"og:description\" content=\"Covid-19 - Emerald Villas &amp; Suites. Luxury stone built villas in Zakynthos, Greece. Enjoy your vacation in rooms of stunning sea view.\" \/>\n<meta property=\"og:url\" content=\"https:\/\/emerald-villas.gr\/fr\/covid-19\/\" \/>\n<meta property=\"og:site_name\" content=\"Emerald Villas &amp; Suites\" \/>\n<meta property=\"article:publisher\" content=\"https:\/\/www.facebook.com\/emerald.villas\/\" \/>\n<meta property=\"article:modified_time\" content=\"2021-02-01T09:10:03+00:00\" \/>\n<meta name=\"twitter:card\" content=\"summary_large_image\" \/>\n<meta name=\"twitter:site\" content=\"@emerald_villas\" \/>\n<meta name=\"twitter:label1\" content=\"Dur\u00e9e de lecture estim\u00e9e\" \/>\n\t<meta name=\"twitter:data1\" content=\"2 minutes\" \/>\n<script type=\"application\/ld+json\" class=\"yoast-schema-graph\">{\"@context\":\"https:\\\/\\\/schema.org\",\"@graph\":[{\"@type\":\"WebPage\",\"@id\":\"https:\\\/\\\/emerald-villas.gr\\\/fr\\\/covid-19\\\/\",\"url\":\"https:\\\/\\\/emerald-villas.gr\\\/fr\\\/covid-19\\\/\",\"name\":\"Covid-19 - Emerald Villas &amp; Suites\",\"isPartOf\":{\"@id\":\"https:\\\/\\\/emerald-villas.gr\\\/fr\\\/#website\"},\"datePublished\":\"2020-11-19T11:56:04+00:00\",\"dateModified\":\"2021-02-01T09:10:03+00:00\",\"description\":\"Covid-19 - Emerald Villas & Suites. Luxury stone built villas in Zakynthos, Greece. Enjoy your vacation in rooms of stunning sea view.\",\"breadcrumb\":{\"@id\":\"https:\\\/\\\/emerald-villas.gr\\\/fr\\\/covid-19\\\/#breadcrumb\"},\"inLanguage\":\"fr-FR\",\"potentialAction\":[{\"@type\":\"ReadAction\",\"target\":[\"https:\\\/\\\/emerald-villas.gr\\\/fr\\\/covid-19\\\/\"]}]},{\"@type\":\"BreadcrumbList\",\"@id\":\"https:\\\/\\\/emerald-villas.gr\\\/fr\\\/covid-19\\\/#breadcrumb\",\"itemListElement\":[{\"@type\":\"ListItem\",\"position\":1,\"name\":\"Home\",\"item\":\"https:\\\/\\\/emerald-villas.gr\\\/fr\\\/\"},{\"@type\":\"ListItem\",\"position\":2,\"name\":\"Covid-19\"}]},{\"@type\":\"WebSite\",\"@id\":\"https:\\\/\\\/emerald-villas.gr\\\/fr\\\/#website\",\"url\":\"https:\\\/\\\/emerald-villas.gr\\\/fr\\\/\",\"name\":\"Emerald Villas &amp; Suites\",\"description\":\"Luxury Villas in Zakynthos Greece\",\"publisher\":{\"@id\":\"https:\\\/\\\/emerald-villas.gr\\\/fr\\\/#organization\"},\"potentialAction\":[{\"@type\":\"SearchAction\",\"target\":{\"@type\":\"EntryPoint\",\"urlTemplate\":\"https:\\\/\\\/emerald-villas.gr\\\/fr\\\/?s={search_term_string}\"},\"query-input\":{\"@type\":\"PropertyValueSpecification\",\"valueRequired\":true,\"valueName\":\"search_term_string\"}}],\"inLanguage\":\"fr-FR\"},{\"@type\":\"Organization\",\"@id\":\"https:\\\/\\\/emerald-villas.gr\\\/fr\\\/#organization\",\"name\":\"Emerald Villas & Suites\",\"url\":\"https:\\\/\\\/emerald-villas.gr\\\/fr\\\/\",\"logo\":{\"@type\":\"ImageObject\",\"inLanguage\":\"fr-FR\",\"@id\":\"https:\\\/\\\/emerald-villas.gr\\\/fr\\\/#\\\/schema\\\/logo\\\/image\\\/\",\"url\":\"https:\\\/\\\/emerald-villas.gr\\\/wp-content\\\/uploads\\\/2020\\\/11\\\/logo_emerald_200.png\",\"contentUrl\":\"https:\\\/\\\/emerald-villas.gr\\\/wp-content\\\/uploads\\\/2020\\\/11\\\/logo_emerald_200.png\",\"width\":200,\"height\":56,\"caption\":\"Emerald Villas & Suites\"},\"image\":{\"@id\":\"https:\\\/\\\/emerald-villas.gr\\\/fr\\\/#\\\/schema\\\/logo\\\/image\\\/\"},\"sameAs\":[\"https:\\\/\\\/www.facebook.com\\\/emerald.villas\\\/\",\"https:\\\/\\\/x.com\\\/emerald_villas\",\"https:\\\/\\\/www.instagram.com\\\/emerald_villas\\\/\",\"https:\\\/\\\/www.youtube.com\\\/channel\\\/UCFyKZatvF0ez6RybGT6HkXA\"]}]}<\/script>\n<!-- \/ Yoast SEO plugin. -->","yoast_head_json":{"title":"Covid-19 - Emerald Villas &amp; Suites","description":"Covid-19 - Emerald Villas & Suites. Luxury stone built villas in Zakynthos, Greece. Enjoy your vacation in rooms of stunning sea view.","robots":{"index":"index","follow":"follow","max-snippet":"max-snippet:-1","max-image-preview":"max-image-preview:large","max-video-preview":"max-video-preview:-1"},"canonical":"https:\/\/emerald-villas.gr\/fr\/covid-19\/","og_locale":"fr_FR","og_type":"article","og_title":"Covid-19 - Emerald Villas &amp; Suites","og_description":"Covid-19 - Emerald Villas & Suites. Luxury stone built villas in Zakynthos, Greece. Enjoy your vacation in rooms of stunning sea view.","og_url":"https:\/\/emerald-villas.gr\/fr\/covid-19\/","og_site_name":"Emerald Villas &amp; Suites","article_publisher":"https:\/\/www.facebook.com\/emerald.villas\/","article_modified_time":"2021-02-01T09:10:03+00:00","twitter_card":"summary_large_image","twitter_site":"@emerald_villas","twitter_misc":{"Dur\u00e9e de lecture estim\u00e9e":"2 minutes"},"schema":{"@context":"https:\/\/schema.org","@graph":[{"@type":"WebPage","@id":"https:\/\/emerald-villas.gr\/fr\/covid-19\/","url":"https:\/\/emerald-villas.gr\/fr\/covid-19\/","name":"Covid-19 - Emerald Villas &amp; Suites","isPartOf":{"@id":"https:\/\/emerald-villas.gr\/fr\/#website"},"datePublished":"2020-11-19T11:56:04+00:00","dateModified":"2021-02-01T09:10:03+00:00","description":"Covid-19 - Emerald Villas & Suites. Luxury stone built villas in Zakynthos, Greece. Enjoy your vacation in rooms of stunning sea view.","breadcrumb":{"@id":"https:\/\/emerald-villas.gr\/fr\/covid-19\/#breadcrumb"},"inLanguage":"fr-FR","potentialAction":[{"@type":"ReadAction","target":["https:\/\/emerald-villas.gr\/fr\/covid-19\/"]}]},{"@type":"BreadcrumbList","@id":"https:\/\/emerald-villas.gr\/fr\/covid-19\/#breadcrumb","itemListElement":[{"@type":"ListItem","position":1,"name":"Home","item":"https:\/\/emerald-villas.gr\/fr\/"},{"@type":"ListItem","position":2,"name":"Covid-19"}]},{"@type":"WebSite","@id":"https:\/\/emerald-villas.gr\/fr\/#website","url":"https:\/\/emerald-villas.gr\/fr\/","name":"Emerald Villas &amp; Suites","description":"Luxury Villas in Zakynthos Greece","publisher":{"@id":"https:\/\/emerald-villas.gr\/fr\/#organization"},"potentialAction":[{"@type":"SearchAction","target":{"@type":"EntryPoint","urlTemplate":"https:\/\/emerald-villas.gr\/fr\/?s={search_term_string}"},"query-input":{"@type":"PropertyValueSpecification","valueRequired":true,"valueName":"search_term_string"}}],"inLanguage":"fr-FR"},{"@type":"Organization","@id":"https:\/\/emerald-villas.gr\/fr\/#organization","name":"Emerald Villas & Suites","url":"https:\/\/emerald-villas.gr\/fr\/","logo":{"@type":"ImageObject","inLanguage":"fr-FR","@id":"https:\/\/emerald-villas.gr\/fr\/#\/schema\/logo\/image\/","url":"https:\/\/emerald-villas.gr\/wp-content\/uploads\/2020\/11\/logo_emerald_200.png","contentUrl":"https:\/\/emerald-villas.gr\/wp-content\/uploads\/2020\/11\/logo_emerald_200.png","width":200,"height":56,"caption":"Emerald Villas & Suites"},"image":{"@id":"https:\/\/emerald-villas.gr\/fr\/#\/schema\/logo\/image\/"},"sameAs":["https:\/\/www.facebook.com\/emerald.villas\/","https:\/\/x.com\/emerald_villas","https:\/\/www.instagram.com\/emerald_villas\/","https:\/\/www.youtube.com\/channel\/UCFyKZatvF0ez6RybGT6HkXA"]}]}},"_links":{"self":[{"href":"https:\/\/emerald-villas.gr\/fr\/wp-json\/wp\/v2\/pages\/3956","targetHints":{"allow":["GET"]}}],"collection":[{"href":"https:\/\/emerald-villas.gr\/fr\/wp-json\/wp\/v2\/pages"}],"about":[{"href":"https:\/\/emerald-villas.gr\/fr\/wp-json\/wp\/v2\/types\/page"}],"author":[{"embeddable":true,"href":"https:\/\/emerald-villas.gr\/fr\/wp-json\/wp\/v2\/users\/1"}],"replies":[{"embeddable":true,"href":"https:\/\/emerald-villas.gr\/fr\/wp-json\/wp\/v2\/comments?post=3956"}],"version-history":[{"count":5,"href":"https:\/\/emerald-villas.gr\/fr\/wp-json\/wp\/v2\/pages\/3956\/revisions"}],"predecessor-version":[{"id":3964,"href":"https:\/\/emerald-villas.gr\/fr\/wp-json\/wp\/v2\/pages\/3956\/revisions\/3964"}],"wp:attachment":[{"href":"https:\/\/emerald-villas.gr\/fr\/wp-json\/wp\/v2\/media?parent=3956"}],"curies":[{"name":"wp","href":"https:\/\/api.w.org\/{rel}","templated":true}]}}