{"id":4577,"date":"2020-12-02T11:15:31","date_gmt":"2020-12-02T09:15:31","guid":{"rendered":"https:\/\/emerald-villas.gr\/faq\/"},"modified":"2021-02-05T10:42:15","modified_gmt":"2021-02-05T08:42:15","slug":"faqs","status":"publish","type":"page","link":"https:\/\/emerald-villas.gr\/de\/faqs\/","title":{"rendered":"FAQS"},"content":{"rendered":"<div class=\"wpb-content-wrapper\"><p>[vc_row full_width=&#8220;stretch_row&#8220; css=&#8220;.vc_custom_1497004378733{background-color: #fafafa !important;background-position: 0 0 !important;background-repeat: no-repeat !important;}&#8220; el_class=&#8220;tours&#8220;][vc_column][vc_empty_space height=&#8220;50px&#8220;][lab_heading title_tag=&#8220;H1&#8243; title=&#8220;Frequently Asked Questions&#8220; css=&#8220;.vc_custom_1607615929800{margin-bottom: 0px !important;}&#8220;][\/lab_heading][\/vc_column][\/vc_row][vc_row full_width=&#8220;stretch_row&#8220; equal_height=&#8220;yes&#8220; css=&#8220;.vc_custom_1607614644871{background-color: #fafafa !important;}&#8220;][vc_column width=&#8220;1\/2&#8243;][vc_tta_accordion style=&#8220;outline&#8220; shape=&#8220;square&#8220; color=&#8220;vista-blue&#8220; spacing=&#8220;5&#8243; gap=&#8220;5&#8243; c_icon=&#8220;chevron&#8220; active_section=&#8220;1&#8243; no_fill=&#8220;true&#8220; collapsible_all=&#8220;true&#8220; css=&#8220;.vc_custom_1606900800338{margin-top: 50px !important;margin-bottom: 50px !important;}&#8220;][vc_tta_section title=&#8220;Wie kann ich die Verf\u00fcgbarkeit pr\u00fcfen?&#8220; tab_id=&#8220;1606900516621-ee57794b-3dd0&#8243;][vc_column_text]Sie k\u00f6nnen auf \u00abOnline buchen\u00bb klicken, die Sie oben rechts auf unserer Homepage finden \u00dcberpr\u00fcfen Sie die Termine, die Sie buchen m\u00f6chten und sehen Sie die verf\u00fcgbaren Unterkunftsarten.[\/vc_column_text][\/vc_tta_section][vc_tta_section title=&#8220;Was ist der Unterschied zwischen dem nicht erstattungsf\u00e4higen Tarif und besten flexiblen Tarif?&#8220; tab_id=&#8220;1606900516630-5d863d38-9163&#8243;][vc_column_text]Wenn Sie den nicht erstattungsf\u00e4higen Preis w\u00e4hlen, profitieren Sie von einem Rabatt von 10%. In diesem Fall zahlen Sie den Gesamtpreis zusammen mit der Buchung und es gibt keine R\u00fcckerstattung im Falle einer Stornierung. Wenn Sie den g\u00fcnstigsten flexiblen Tarif w\u00e4hlen, zahlen Sie 30% im Voraus zusammen mit der Buchung und der Restbetrag ist bei Ihrer Ankunft f\u00e4llig. In diesem Fall, wenn Sie 30 Tage vor Anreise stornieren m\u00f6chten, erhalten Sie die volle R\u00fcckerstattung.[\/vc_column_text][\/vc_tta_section][vc_tta_section title=&#8220;Was passiert, wenn ich versehentlich einen nicht erstattungsf\u00e4higen Preis buche und stornieren m\u00f6chte?&#8220; tab_id=&#8220;1607613869283-7ed64da5-c1e3&#8243;][vc_column_text]Sollten Sie uns innerhalb der n\u00e4chsten 24 Stunden benachrichtigen, k\u00f6nnen Sie Ihre Buchung kostenfrei stornieren und erhalten eine R\u00fcckerstattung (falls wir bereits Geb\u00fchren erhoben haben)[\/vc_column_text][\/vc_tta_section][vc_tta_section title=&#8220;Was passiert, wenn ich meine Buchung aufgrund von Flugannullierungen oder Gesundheitsproblemen aufgrund der Covid-19-Pandemie stornieren muss?&#8220; tab_id=&#8220;1607613901832-3bb10070-8b69&#8243;][vc_column_text]In diesem Fall, wenn Sie den nicht erstattungsf\u00e4higen Preis gew\u00e4hlt haben, k\u00f6nnen Sie Ihre Buchung auf ein anderes Datum \u00e4ndern. Wenn dies nicht m\u00f6glich ist, erhalten Sie eine R\u00fcckerstattung, aber manchmal, abh\u00e4ngig von einer Reihe von Faktoren, kann dies nicht sofort nach Ihrer Stornierung geschehen. Weitere Informationen finden Sie auf unserer Covid-19 Webseite.[\/vc_column_text][\/vc_tta_section][vc_tta_section title=&#8220;Was ist im Preis inbegriffen?&#8220; tab_id=&#8220;1607613922360-18b81d9f-b621&#8243;][vc_column_text]Der Preis beinhaltet die Miete f\u00fcr Unterkunft, Strom und Wasser, die verbraucht werden k\u00f6nnen, Wi-Fi, t\u00e4gliche Reinigung der R\u00e4umlichkeiten und W\u00e4schewechsel<br \/>\njeden zweiten Tag Badeartikel sowie Bade- und Badet\u00fccher. Wir bieten auch einen kostenlosen Willkommenskorb. Strandt\u00fccher werden nicht gestellt.[\/vc_column_text][\/vc_tta_section][vc_tta_section title=&#8220;Wir sind eine vierk\u00f6pfige Familie und es gibt keine Villa zur Verf\u00fcgung. Gibt es Alternativen?&#8220; tab_id=&#8220;1607613960152-06f55326-c0d3&#8243;][vc_column_text]Sie k\u00f6nnen alternativ zwei Suiten oder zwei Cave Suiten buchen, die miteinander verbunden werden k\u00f6nnen und erhalten in diesem Fall einen Rabatt von 10%. Bitte erkundigen Sie sich vor der Buchung bei unserer Reservierungsabteilung, ob die beiden miteinander verbundenen Suiten verf\u00fcgbar sind.[\/vc_column_text][\/vc_tta_section][vc_tta_section title=&#8220;K\u00f6nnen Sie ein Babybett und einen Hochstuhl zur Verf\u00fcgung stellen?&#8220; tab_id=&#8220;1607613979413-e74134e7-8c0d&#8220;][vc_column_text]Ja,\u00a0 Baby-Sicherheitstore sind auch zur Verf\u00fcgung gestellt, wenn n\u00f6tig. Bitte stellen Sie sicher, dass Sie unser Rezeptionsteam \u00fcber Ihre speziellen Bed\u00fcrfnisse informiert haben[\/vc_column_text][\/vc_tta_section][vc_tta_section title=&#8220;Wie finden wir die Suite\/Villa, in der wir wohnen, und die Schl\u00fcssel zu unserer Unterkunft?&#8220; tab_id=&#8220;1607614014905-c1107e3e-fd33&#8243;][vc_column_text]Es gibt zwei B\u00fcros an der Rezeption: Eines im Komplex Emerald Suites und eines im Komplex Emerald Classic und Emerald Superior Villas. Einige Tage vor Ihrer Ankunft erhalten Sie von unserem Team an der Rezeption eine informative E-Mail mit allen Check-in-Vorg\u00e4ngen (z. B. Wegbeschreibung zu den Emerald Villas &amp; Suites, Check-in-Zeit etc. ). Wir fragen auch nach allen notwendigen Informationen, wie z. B. Ankunftszeit. Bei Ihrer Ankunft bringt Sie einer unserer Mitarbeiter an der Rezeption zu Ihrer Unterkunft, \u00fcberreicht Ihnen die Schl\u00fcssel und informiert Sie \u00fcber alles, was Sie \u00fcber Ihren Aufenthalt wissen m\u00fcssen.[\/vc_column_text][\/vc_tta_section][vc_tta_section title=&#8220;Wie sind die \u00d6ffnungszeiten der Rezeption?&#8220; tab_id=&#8220;1607615001144-9b96af6f-0bda&#8220;][vc_column_text]Die Rezeption des Komplexes Emerald Suites ist von 9. 00 bis 17. 00 Uhr ge\u00f6ffnet, w\u00e4hrend die Rezeption des Komplexes Emerald Classic &amp; Superior Villas von 9. 00 bis 22. 00 Uhr ge\u00f6ffnet ist.[\/vc_column_text][\/vc_tta_section][vc_tta_section title=&#8220;Bieten Sie einen Shuttle-Service an?&#8220; tab_id=&#8220;1607615022165-29b3b8c6-11d9&#8243;][vc_column_text]Der Shuttleservice ist nicht im Preis inbegriffen. Unsere Concierge-Abteilung kann Ihnen nat\u00fcrlich behilflich sein, entweder einen Shuttle-Service zu organisieren oder ein Auto zu mieten (was aufgrund der schlechten \u00f6ffentlichen Verkehrsmittel sehr empfehlenswert ist). Unser Team an der Rezeption kann auch eine Taxi-Abholung organisieren. Bieten Sie einen Shuttle-Service an?[\/vc_column_text][\/vc_tta_section][vc_tta_section title=&#8220;Ist das Fr\u00fchst\u00fcck oder andere Mahlzeiten im Preis inbegriffen?&#8220; tab_id=&#8220;1607615048978-d302c84b-2cc1&#8243;][vc_column_text]Da es kein Restaurant vor Ort gibt, beinhalten die Preise weder Fr\u00fchst\u00fcck noch andere Mahlzeiten, aber alle Emerald Unterk\u00fcnfte verf\u00fcgen \u00fcber eine voll ausgestattete K\u00fcche, in der Sie Ihre Mahlzeiten zubereiten k\u00f6nnen. Alternativ und auf Anfrage ist es m\u00f6glich, Ihnen die Dienste eines pers\u00f6nlichen K\u00fcchenchefs und Kochs zur Verf\u00fcgung zu stellen, der jeden kulinarischen Wunsch erf\u00fcllt (bitte \u00fcberpr\u00fcfen Sie den Concierge-Service). Dar\u00fcber hinaus gibt es Restaurants, die alle Arten von Speisen und Getr\u00e4nken zu Ihrer Unterkunft liefern, sowie Mini-M\u00e4rkte, die Ihre Eink\u00e4ufe liefern k\u00f6nnen.[\/vc_column_text][\/vc_tta_section][vc_tta_section title=&#8220;Kann ich meine Haustiere mitbringen?&#8220; tab_id=&#8220;1607615066776-3bc820a4-a324&#8243;][vc_column_text]Haustiere sind leider nicht erlaubt. Fr\u00fcher haben wir Haustiere in der Unterkunft erlaubt, aber es war schwierig, alle notwendigen Hygieneregeln zu befolgen. Vielen Dank f\u00fcr Ihr Verst\u00e4ndnis.[\/vc_column_text][\/vc_tta_section][vc_tta_section title=&#8220;K\u00f6nnen Sie Zusatzleistungen wie Privatjet\/Yachtcharter, Privatkoch, Geburtstagsfeier, Hochzeitsfeier oder andere Dienstleistungen, die ich w\u00e4hrend meines Aufenthaltes anfordere, organisieren?&#8220; tab_id=&#8220;1607615086226-f99f5966-5063&#8243;][vc_column_text]Selbstverst\u00e4ndlich k\u00f6nnen wir Ihnen helfen, eine Geburtstagsfeier oder eine besondere Veranstaltung zu organisieren, gefolgt von einer kleinen Dekoration (z. B. Feuerwerk). Sie k\u00f6nnen auch einen Kuchen oder einen Wein (f\u00fcr weitere Informationen kontaktieren Sie unser Rezeptionsteam). Ausserdem, wenn Sie eine grosse Party in Ihrer Unterkunft oder auf einer Yacht organisieren m\u00f6chten, hilft Ihnen unser Concierge-Abteilung bei jeder Art von Mietverleih und erf\u00fcllt jede m\u00f6gliche Anfrage.[\/vc_column_text][\/vc_tta_section][vc_tta_section title=&#8220;K\u00f6nnen behinderte Reisende untergebracht werden?&#8220; tab_id=&#8220;1607615104724-6335bcbe-bda0&#8243;][vc_column_text]Ja, Wir haben zwei Zimmer, die so gestaltet sind, dass sich ein Rollstuhl in allen R\u00e4umen bewegen kann (und einen einfachen Zugang zur Dusche). Solche Zimmertypen sind die Emerald Suite und die Emerald Cave Suite. Bitte erkundigen Sie sich vor der Buchung in der Reservierungsabteilung nach der Verf\u00fcgbarkeit, da nur eine Suite pro Typ f\u00fcr diesen Zweck zur Verf\u00fcgung steht.[\/vc_column_text][\/vc_tta_section][vc_tta_section title=&#8220;Wie lange ist die Check-in\/Check-out-Zeit?&#8220; tab_id=&#8220;1607615122499-e3d99697-52e0&#8243;][vc_column_text]Die Standard Check-in Zeit ist 14:00 Uhr und der Check-out Zeit ist 11:00 Uhr. Wenn Sie jedoch vor 14:00 Uhr anreisen oder nach 11:00 Uhr auschecken m\u00f6chten, fragen Sie bitte unser Rezeptionsteam, ob dies m\u00f6glich ist. Wir werden unser Bestes tun, um Ihnen zu helfen, abh\u00e4ngig von der Verf\u00fcgbarkeit und der Ankunfts- und Abfahrtszeit anderer Kunden.[\/vc_column_text][\/vc_tta_section][vc_tta_section title=&#8220;Haben die Suiten und Villen einen eigenen Pool? Hat jemand einen Blick auf unseren Swimmingpool?&#8220; tab_id=&#8220;1607615141160-76ed9627-08d9&#8243;][vc_column_text]Alle Emerald Unterk\u00fcnfte verf\u00fcgen \u00fcber einen eigenen Meerwasserpool. Die Pools sind komplett privat, ohne dass jemand r\u00fcberschauen kann.[\/vc_column_text][\/vc_tta_section][vc_tta_section title=&#8220;Sind die Schwimmb\u00e4der beheizt?&#8220; tab_id=&#8220;1607615158053-343c7c4f-8072&#8243;][vc_column_text]Leider sind die Schwimmb\u00e4der nicht beheizt, aber in Griechenland k\u00f6nnen Sie von Fr\u00fchling bis Herbst ohne Sorge schwimmen, da die Temperaturen hoch sind. Die Temperaturen variieren von 20oC bis 30oC im Fr\u00fchling und Herbst, und von 30oC bis 42oC im Sommer.[\/vc_column_text][\/vc_tta_section][\/vc_tta_accordion][\/vc_column][vc_column width=&#8220;1\/2&#8243; css=&#8220;.vc_custom_1607614913646{background-position: center !important;background-repeat: no-repeat !important;background-size: cover !important;}&#8220;][vc_empty_space height=&#8220;50px&#8220;][vc_gallery type=&#8220;image_grid&#8220; images=&#8220;2401,3209&#8243; img_size=&#8220;full&#8220; onclick=&#8220;&#8220; css_animation=&#8220;fadeInRight&#8220;][\/vc_column][\/vc_row]<\/p>\n<\/div>","protected":false},"excerpt":{"rendered":"<p>[vc_row full_width=&#8220;stretch_row&#8220; css=&#8220;.vc_custom_1497004378733{background-color: #fafafa !important;background-position: 0 0 !important;background-repeat: no-repeat !important;}&#8220; el_class=&#8220;tours&#8220;][vc_column][vc_empty_space height=&#8220;50px&#8220;][lab_heading title_tag=&#8220;H1&#8243; title=&#8220;Frequently Asked Questions&#8220; css=&#8220;.vc_custom_1607615929800{margin-bottom: 0px !important;}&#8220;][\/lab_heading][\/vc_column][\/vc_row][vc_row full_width=&#8220;stretch_row&#8220; equal_height=&#8220;yes&#8220; css=&#8220;.vc_custom_1607614644871{background-color: #fafafa !important;}&#8220;][vc_column width=&#8220;1\/2&#8243;][vc_tta_accordion style=&#8220;outline&#8220; shape=&#8220;square&#8220; color=&#8220;vista-blue&#8220; spacing=&#8220;5&#8243; gap=&#8220;5&#8243; c_icon=&#8220;chevron&#8220; active_section=&#8220;1&#8243; no_fill=&#8220;true&#8220; collapsible_all=&#8220;true&#8220; css=&#8220;.vc_custom_1606900800338{margin-top: 50px !important;margin-bottom: 50px !important;}&#8220;][vc_tta_section title=&#8220;Wie kann ich die Verf\u00fcgbarkeit pr\u00fcfen?&#8220; tab_id=&#8220;1606900516621-ee57794b-3dd0&#8243;][vc_column_text]Sie k\u00f6nnen auf \u00abOnline buchen\u00bb klicken, die Sie oben rechts&hellip;<\/p>\n","protected":false},"author":1,"featured_media":0,"parent":0,"menu_order":0,"comment_status":"closed","ping_status":"closed","template":"","meta":{"_acf_changed":false,"footnotes":""},"class_list":["post-4577","page","type-page","status-publish","hentry"],"acf":[],"yoast_head":"<!-- This site is optimized with the Yoast SEO plugin v27.4 - https:\/\/yoast.com\/product\/yoast-seo-wordpress\/ -->\n<title>FAQS - Emerald Villas &amp; Suites<\/title>\n<meta name=\"description\" content=\"FAQS - Emerald Villas &amp; Suites. Luxury stone built villas in Zakynthos, Greece. Enjoy your vacation in rooms of stunning sea view.\" \/>\n<meta name=\"robots\" content=\"index, follow, max-snippet:-1, max-image-preview:large, max-video-preview:-1\" \/>\n<link rel=\"canonical\" href=\"https:\/\/emerald-villas.gr\/de\/faqs\/\" \/>\n<meta property=\"og:locale\" content=\"de_DE\" \/>\n<meta property=\"og:type\" content=\"article\" \/>\n<meta property=\"og:title\" content=\"FAQS - Emerald Villas &amp; Suites\" \/>\n<meta property=\"og:description\" content=\"FAQS - Emerald Villas &amp; Suites. Luxury stone built villas in Zakynthos, Greece. Enjoy your vacation in rooms of stunning sea view.\" \/>\n<meta property=\"og:url\" content=\"https:\/\/emerald-villas.gr\/de\/faqs\/\" \/>\n<meta property=\"og:site_name\" content=\"Emerald Villas &amp; Suites\" \/>\n<meta property=\"article:publisher\" content=\"https:\/\/www.facebook.com\/emerald.villas\/\" \/>\n<meta property=\"article:modified_time\" content=\"2021-02-05T08:42:15+00:00\" \/>\n<meta name=\"twitter:card\" content=\"summary_large_image\" \/>\n<meta name=\"twitter:site\" content=\"@emerald_villas\" \/>\n<meta name=\"twitter:label1\" content=\"Gesch\u00e4tzte Lesezeit\" \/>\n\t<meta name=\"twitter:data1\" content=\"5\u00a0Minuten\" \/>\n<script type=\"application\/ld+json\" class=\"yoast-schema-graph\">{\"@context\":\"https:\\\/\\\/schema.org\",\"@graph\":[{\"@type\":\"WebPage\",\"@id\":\"https:\\\/\\\/emerald-villas.gr\\\/de\\\/faqs\\\/\",\"url\":\"https:\\\/\\\/emerald-villas.gr\\\/de\\\/faqs\\\/\",\"name\":\"FAQS - Emerald Villas &amp; Suites\",\"isPartOf\":{\"@id\":\"https:\\\/\\\/emerald-villas.gr\\\/de\\\/#website\"},\"datePublished\":\"2020-12-02T09:15:31+00:00\",\"dateModified\":\"2021-02-05T08:42:15+00:00\",\"description\":\"FAQS - Emerald Villas & Suites. Luxury stone built villas in Zakynthos, Greece. Enjoy your vacation in rooms of stunning sea view.\",\"breadcrumb\":{\"@id\":\"https:\\\/\\\/emerald-villas.gr\\\/de\\\/faqs\\\/#breadcrumb\"},\"inLanguage\":\"de\",\"potentialAction\":[{\"@type\":\"ReadAction\",\"target\":[\"https:\\\/\\\/emerald-villas.gr\\\/de\\\/faqs\\\/\"]}]},{\"@type\":\"BreadcrumbList\",\"@id\":\"https:\\\/\\\/emerald-villas.gr\\\/de\\\/faqs\\\/#breadcrumb\",\"itemListElement\":[{\"@type\":\"ListItem\",\"position\":1,\"name\":\"Home\",\"item\":\"https:\\\/\\\/emerald-villas.gr\\\/de\\\/\"},{\"@type\":\"ListItem\",\"position\":2,\"name\":\"FAQS\"}]},{\"@type\":\"WebSite\",\"@id\":\"https:\\\/\\\/emerald-villas.gr\\\/de\\\/#website\",\"url\":\"https:\\\/\\\/emerald-villas.gr\\\/de\\\/\",\"name\":\"Emerald Villas &amp; Suites\",\"description\":\"Luxury Villas in Zakynthos Greece\",\"publisher\":{\"@id\":\"https:\\\/\\\/emerald-villas.gr\\\/de\\\/#organization\"},\"potentialAction\":[{\"@type\":\"SearchAction\",\"target\":{\"@type\":\"EntryPoint\",\"urlTemplate\":\"https:\\\/\\\/emerald-villas.gr\\\/de\\\/?s={search_term_string}\"},\"query-input\":{\"@type\":\"PropertyValueSpecification\",\"valueRequired\":true,\"valueName\":\"search_term_string\"}}],\"inLanguage\":\"de\"},{\"@type\":\"Organization\",\"@id\":\"https:\\\/\\\/emerald-villas.gr\\\/de\\\/#organization\",\"name\":\"Emerald Villas & Suites\",\"url\":\"https:\\\/\\\/emerald-villas.gr\\\/de\\\/\",\"logo\":{\"@type\":\"ImageObject\",\"inLanguage\":\"de\",\"@id\":\"https:\\\/\\\/emerald-villas.gr\\\/de\\\/#\\\/schema\\\/logo\\\/image\\\/\",\"url\":\"https:\\\/\\\/emerald-villas.gr\\\/wp-content\\\/uploads\\\/2020\\\/11\\\/logo_emerald_200.png\",\"contentUrl\":\"https:\\\/\\\/emerald-villas.gr\\\/wp-content\\\/uploads\\\/2020\\\/11\\\/logo_emerald_200.png\",\"width\":200,\"height\":56,\"caption\":\"Emerald Villas & Suites\"},\"image\":{\"@id\":\"https:\\\/\\\/emerald-villas.gr\\\/de\\\/#\\\/schema\\\/logo\\\/image\\\/\"},\"sameAs\":[\"https:\\\/\\\/www.facebook.com\\\/emerald.villas\\\/\",\"https:\\\/\\\/x.com\\\/emerald_villas\",\"https:\\\/\\\/www.instagram.com\\\/emerald_villas\\\/\",\"https:\\\/\\\/www.youtube.com\\\/channel\\\/UCFyKZatvF0ez6RybGT6HkXA\"]}]}<\/script>\n<!-- \/ Yoast SEO plugin. -->","yoast_head_json":{"title":"FAQS - Emerald Villas &amp; Suites","description":"FAQS - Emerald Villas & Suites. Luxury stone built villas in Zakynthos, Greece. Enjoy your vacation in rooms of stunning sea view.","robots":{"index":"index","follow":"follow","max-snippet":"max-snippet:-1","max-image-preview":"max-image-preview:large","max-video-preview":"max-video-preview:-1"},"canonical":"https:\/\/emerald-villas.gr\/de\/faqs\/","og_locale":"de_DE","og_type":"article","og_title":"FAQS - Emerald Villas &amp; Suites","og_description":"FAQS - Emerald Villas & Suites. Luxury stone built villas in Zakynthos, Greece. Enjoy your vacation in rooms of stunning sea view.","og_url":"https:\/\/emerald-villas.gr\/de\/faqs\/","og_site_name":"Emerald Villas &amp; Suites","article_publisher":"https:\/\/www.facebook.com\/emerald.villas\/","article_modified_time":"2021-02-05T08:42:15+00:00","twitter_card":"summary_large_image","twitter_site":"@emerald_villas","twitter_misc":{"Gesch\u00e4tzte Lesezeit":"5\u00a0Minuten"},"schema":{"@context":"https:\/\/schema.org","@graph":[{"@type":"WebPage","@id":"https:\/\/emerald-villas.gr\/de\/faqs\/","url":"https:\/\/emerald-villas.gr\/de\/faqs\/","name":"FAQS - Emerald Villas &amp; Suites","isPartOf":{"@id":"https:\/\/emerald-villas.gr\/de\/#website"},"datePublished":"2020-12-02T09:15:31+00:00","dateModified":"2021-02-05T08:42:15+00:00","description":"FAQS - Emerald Villas & Suites. Luxury stone built villas in Zakynthos, Greece. Enjoy your vacation in rooms of stunning sea view.","breadcrumb":{"@id":"https:\/\/emerald-villas.gr\/de\/faqs\/#breadcrumb"},"inLanguage":"de","potentialAction":[{"@type":"ReadAction","target":["https:\/\/emerald-villas.gr\/de\/faqs\/"]}]},{"@type":"BreadcrumbList","@id":"https:\/\/emerald-villas.gr\/de\/faqs\/#breadcrumb","itemListElement":[{"@type":"ListItem","position":1,"name":"Home","item":"https:\/\/emerald-villas.gr\/de\/"},{"@type":"ListItem","position":2,"name":"FAQS"}]},{"@type":"WebSite","@id":"https:\/\/emerald-villas.gr\/de\/#website","url":"https:\/\/emerald-villas.gr\/de\/","name":"Emerald Villas &amp; Suites","description":"Luxury Villas in Zakynthos Greece","publisher":{"@id":"https:\/\/emerald-villas.gr\/de\/#organization"},"potentialAction":[{"@type":"SearchAction","target":{"@type":"EntryPoint","urlTemplate":"https:\/\/emerald-villas.gr\/de\/?s={search_term_string}"},"query-input":{"@type":"PropertyValueSpecification","valueRequired":true,"valueName":"search_term_string"}}],"inLanguage":"de"},{"@type":"Organization","@id":"https:\/\/emerald-villas.gr\/de\/#organization","name":"Emerald Villas & Suites","url":"https:\/\/emerald-villas.gr\/de\/","logo":{"@type":"ImageObject","inLanguage":"de","@id":"https:\/\/emerald-villas.gr\/de\/#\/schema\/logo\/image\/","url":"https:\/\/emerald-villas.gr\/wp-content\/uploads\/2020\/11\/logo_emerald_200.png","contentUrl":"https:\/\/emerald-villas.gr\/wp-content\/uploads\/2020\/11\/logo_emerald_200.png","width":200,"height":56,"caption":"Emerald Villas & Suites"},"image":{"@id":"https:\/\/emerald-villas.gr\/de\/#\/schema\/logo\/image\/"},"sameAs":["https:\/\/www.facebook.com\/emerald.villas\/","https:\/\/x.com\/emerald_villas","https:\/\/www.instagram.com\/emerald_villas\/","https:\/\/www.youtube.com\/channel\/UCFyKZatvF0ez6RybGT6HkXA"]}]}},"_links":{"self":[{"href":"https:\/\/emerald-villas.gr\/de\/wp-json\/wp\/v2\/pages\/4577","targetHints":{"allow":["GET"]}}],"collection":[{"href":"https:\/\/emerald-villas.gr\/de\/wp-json\/wp\/v2\/pages"}],"about":[{"href":"https:\/\/emerald-villas.gr\/de\/wp-json\/wp\/v2\/types\/page"}],"author":[{"embeddable":true,"href":"https:\/\/emerald-villas.gr\/de\/wp-json\/wp\/v2\/users\/1"}],"replies":[{"embeddable":true,"href":"https:\/\/emerald-villas.gr\/de\/wp-json\/wp\/v2\/comments?post=4577"}],"version-history":[{"count":2,"href":"https:\/\/emerald-villas.gr\/de\/wp-json\/wp\/v2\/pages\/4577\/revisions"}],"predecessor-version":[{"id":4579,"href":"https:\/\/emerald-villas.gr\/de\/wp-json\/wp\/v2\/pages\/4577\/revisions\/4579"}],"wp:attachment":[{"href":"https:\/\/emerald-villas.gr\/de\/wp-json\/wp\/v2\/media?parent=4577"}],"curies":[{"name":"wp","href":"https:\/\/api.w.org\/{rel}","templated":true}]}}