{"id":4570,"date":"2020-11-19T13:56:04","date_gmt":"2020-11-19T11:56:04","guid":{"rendered":"https:\/\/emerald-villas.gr\/covid-19\/"},"modified":"2021-02-05T10:33:22","modified_gmt":"2021-02-05T08:33:22","slug":"covid-19","status":"publish","type":"page","link":"https:\/\/emerald-villas.gr\/de\/covid-19\/","title":{"rendered":"Covid-19"},"content":{"rendered":"<div class=\"wpb-content-wrapper\"><p>[vc_row full_width=&#8220;stretch_row&#8220; css=&#8220;.vc_custom_1497004378733{background-color: #fafafa !important;background-position: 0 0 !important;background-repeat: no-repeat !important;}&#8220; el_class=&#8220;tours&#8220;][vc_column][lab_heading title_tag=&#8220;H1&#8243; title=&#8220;Covid 19 Ansage&#8220; css=&#8220;.vc_custom_1612513775713{margin-bottom: 0px !important;}&#8220;][\/lab_heading][\/vc_column][\/vc_row][vc_row full_width=&#8220;stretch_row&#8220; css=&#8220;.vc_custom_1605787347569{border-bottom-width: 2vh !important;background-color: #fafafa !important;}&#8220;][vc_column][vc_row_inner][vc_column_inner width=&#8220;4\/12&#8243;][vc_single_image image=&#8220;2435&#8243; img_size=&#8220;full&#8220; alignment=&#8220;center&#8220;][\/vc_column_inner][vc_column_inner width=&#8220;8\/12&#8243;][vc_column_text]<\/p>\n<h4 class=\"c-font-uppercase\"><em><strong>Gesundheitsaktionsplan Covid-19<\/strong><\/em><\/h4>\n<p>[\/vc_column_text][vc_column_text]Die Mission von Emerald Villas &amp; Suites ist es, qualitativ hochwertige Dienstleistungen und luxuri\u00f6se Unterk\u00fcnfte zu bieten, um unseren G\u00e4sten einen sicheren und angenehmen Aufenthalt zu garantieren. Unser t\u00e4gliches Ziel ist es, die Erwartungen jedes Besuchers zu erf\u00fcllen, indem wir ein sch\u00f6nes und unvergessliches Urlaubserlebnis bieten.<\/p>\n<p>In der aktuellen Situation der Covid-19 Pandemie hat Emerald Villas &amp; Suites alle empfohlenen Gesundheitsprotokolle der EODY (Griechische Organisation f\u00fcr \u00f6ffentliche Gesundheit) \u00fcbernommen und angepasst, die vom griechischen Tourismusministerium ver\u00f6ffentlicht wurden. In Anbetracht der Tatsache, dass Griechenland das Kontaminationsrisiko erfolgreich minimiert hat und Emerald Villas &amp; Suites alle notwendigen Vorsichtsmassnahmen trifft, garantieren wir Ihnen einen sicheren und angenehmen Aufenthalt unter Einhaltung der neuesten Vorschriften.[\/vc_column_text][\/vc_column_inner][\/vc_row_inner][vc_row_inner equal_height=&#8220;yes&#8220;][vc_column_inner width=&#8220;7\/12&#8243;][vc_column_text css=&#8220;.vc_custom_1612513988827{margin-bottom: 20px !important;}&#8220;]<\/p>\n<h4>Emerald Aktionsplan:<\/h4>\n<ul>\n<li>F\u00fcr die \u00dcberwachung der Gesundheitsprotokolle wurde ein Gesundheitskoordinator<\/li>\n<li>Es gibt einen Arzt auf Abruf, der bei Bedarf auf EODY-Anweisung handeln kann<\/li>\n<li>Emerald Personal ist gut ausgebildet und f\u00fcr Convid-19 ausgebildet, befolgt alle notwendigen Hygieneregeln, um eine Virus\u00fcbertragung zu vermeiden, und ist mit allen notwendigen pers\u00f6nlichen Schutzausr\u00fcstungen (z. B. Masken, Handschuhe) versehen.<\/li>\n<\/ul>\n<p>[\/vc_column_text][vc_column_text css=&#8220;.vc_custom_1612513997048{margin-bottom: 20px !important;}&#8220;]<\/p>\n<h4>Alle Emerald Unterkunftstypen haben :<\/h4>\n<ul>\n<li>Private Schwimmb\u00e4der , die gr\u00fcndlich kontrolliert und nach den Pool-Hygiene-Protokollen gereinigt werden<\/li>\n<li>private Terrassen und Liegest\u00fchle<\/li>\n<li>Klimaanlage, autonome Einheiten (nicht zentral), die oft gereinigt und sterilisiert werden<\/li>\n<li>Masken, Handschuhen, Hand-antiseptischen Gel und Erste-Hilfe-Kits (alles f\u00fcr den pers\u00f6nlichen Gebrauch)<\/li>\n<\/ul>\n<p>[\/vc_column_text][vc_column_text]<\/p>\n<h4 style=\"line-height: 1.2; font-size: 18px;\">Die Zeit zwischen dem Check-in (um 16:00 Uhr) und dem Check-out (um 11:00 Uhr) wurde f\u00fcr eine gr\u00fcndliche Reinigung verl\u00e4ngert. Glatte Oberfl\u00e4chen (z. B. M\u00f6bel) werden nach EODY-Anweisung mit Dampfger\u00e4ten gereinigt.<\/h4>\n<p>[\/vc_column_text][\/vc_column_inner][vc_column_inner width=&#8220;5\/12&#8243;][vc_single_image image=&#8220;2882&#8243; img_size=&#8220;full&#8220; alignment=&#8220;center&#8220;][\/vc_column_inner][\/vc_row_inner][\/vc_column][\/vc_row]<\/p>\n<\/div>","protected":false},"excerpt":{"rendered":"<p>[vc_row full_width=&#8220;stretch_row&#8220; css=&#8220;.vc_custom_1497004378733{background-color: #fafafa !important;background-position: 0 0 !important;background-repeat: no-repeat !important;}&#8220; el_class=&#8220;tours&#8220;][vc_column][lab_heading title_tag=&#8220;H1&#8243; title=&#8220;Covid 19 Ansage&#8220; css=&#8220;.vc_custom_1612513775713{margin-bottom: 0px !important;}&#8220;][\/lab_heading][\/vc_column][\/vc_row][vc_row full_width=&#8220;stretch_row&#8220; css=&#8220;.vc_custom_1605787347569{border-bottom-width: 2vh !important;background-color: #fafafa !important;}&#8220;][vc_column][vc_row_inner][vc_column_inner width=&#8220;4\/12&#8243;][vc_single_image image=&#8220;2435&#8243; img_size=&#8220;full&#8220; alignment=&#8220;center&#8220;][\/vc_column_inner][vc_column_inner width=&#8220;8\/12&#8243;][vc_column_text] Gesundheitsaktionsplan Covid-19 [\/vc_column_text][vc_column_text]Die Mission von Emerald Villas &amp; Suites ist es, qualitativ hochwertige Dienstleistungen und luxuri\u00f6se Unterk\u00fcnfte zu bieten, um unseren G\u00e4sten einen sicheren und angenehmen&hellip;<\/p>\n","protected":false},"author":1,"featured_media":0,"parent":0,"menu_order":0,"comment_status":"closed","ping_status":"closed","template":"","meta":{"_acf_changed":false,"footnotes":""},"class_list":["post-4570","page","type-page","status-publish","hentry"],"acf":[],"yoast_head":"<!-- This site is optimized with the Yoast SEO plugin v27.4 - https:\/\/yoast.com\/product\/yoast-seo-wordpress\/ -->\n<title>Covid-19 - Emerald Villas &amp; Suites<\/title>\n<meta name=\"description\" content=\"Covid-19 - Emerald Villas &amp; Suites. Luxury stone built villas in Zakynthos, Greece. Enjoy your vacation in rooms of stunning sea view.\" \/>\n<meta name=\"robots\" content=\"index, follow, max-snippet:-1, max-image-preview:large, max-video-preview:-1\" \/>\n<link rel=\"canonical\" href=\"https:\/\/emerald-villas.gr\/de\/covid-19\/\" \/>\n<meta property=\"og:locale\" content=\"de_DE\" \/>\n<meta property=\"og:type\" content=\"article\" \/>\n<meta property=\"og:title\" content=\"Covid-19 - Emerald Villas &amp; Suites\" \/>\n<meta property=\"og:description\" content=\"Covid-19 - Emerald Villas &amp; Suites. Luxury stone built villas in Zakynthos, Greece. Enjoy your vacation in rooms of stunning sea view.\" \/>\n<meta property=\"og:url\" content=\"https:\/\/emerald-villas.gr\/de\/covid-19\/\" \/>\n<meta property=\"og:site_name\" content=\"Emerald Villas &amp; Suites\" \/>\n<meta property=\"article:publisher\" content=\"https:\/\/www.facebook.com\/emerald.villas\/\" \/>\n<meta property=\"article:modified_time\" content=\"2021-02-05T08:33:22+00:00\" \/>\n<meta name=\"twitter:card\" content=\"summary_large_image\" \/>\n<meta name=\"twitter:site\" content=\"@emerald_villas\" \/>\n<meta name=\"twitter:label1\" content=\"Gesch\u00e4tzte Lesezeit\" \/>\n\t<meta name=\"twitter:data1\" content=\"2\u00a0Minuten\" \/>\n<script type=\"application\/ld+json\" class=\"yoast-schema-graph\">{\"@context\":\"https:\\\/\\\/schema.org\",\"@graph\":[{\"@type\":\"WebPage\",\"@id\":\"https:\\\/\\\/emerald-villas.gr\\\/de\\\/covid-19\\\/\",\"url\":\"https:\\\/\\\/emerald-villas.gr\\\/de\\\/covid-19\\\/\",\"name\":\"Covid-19 - Emerald Villas &amp; Suites\",\"isPartOf\":{\"@id\":\"https:\\\/\\\/emerald-villas.gr\\\/de\\\/#website\"},\"datePublished\":\"2020-11-19T11:56:04+00:00\",\"dateModified\":\"2021-02-05T08:33:22+00:00\",\"description\":\"Covid-19 - Emerald Villas & Suites. Luxury stone built villas in Zakynthos, Greece. Enjoy your vacation in rooms of stunning sea view.\",\"breadcrumb\":{\"@id\":\"https:\\\/\\\/emerald-villas.gr\\\/de\\\/covid-19\\\/#breadcrumb\"},\"inLanguage\":\"de\",\"potentialAction\":[{\"@type\":\"ReadAction\",\"target\":[\"https:\\\/\\\/emerald-villas.gr\\\/de\\\/covid-19\\\/\"]}]},{\"@type\":\"BreadcrumbList\",\"@id\":\"https:\\\/\\\/emerald-villas.gr\\\/de\\\/covid-19\\\/#breadcrumb\",\"itemListElement\":[{\"@type\":\"ListItem\",\"position\":1,\"name\":\"Home\",\"item\":\"https:\\\/\\\/emerald-villas.gr\\\/de\\\/\"},{\"@type\":\"ListItem\",\"position\":2,\"name\":\"Covid-19\"}]},{\"@type\":\"WebSite\",\"@id\":\"https:\\\/\\\/emerald-villas.gr\\\/de\\\/#website\",\"url\":\"https:\\\/\\\/emerald-villas.gr\\\/de\\\/\",\"name\":\"Emerald Villas &amp; Suites\",\"description\":\"Luxury Villas in Zakynthos Greece\",\"publisher\":{\"@id\":\"https:\\\/\\\/emerald-villas.gr\\\/de\\\/#organization\"},\"potentialAction\":[{\"@type\":\"SearchAction\",\"target\":{\"@type\":\"EntryPoint\",\"urlTemplate\":\"https:\\\/\\\/emerald-villas.gr\\\/de\\\/?s={search_term_string}\"},\"query-input\":{\"@type\":\"PropertyValueSpecification\",\"valueRequired\":true,\"valueName\":\"search_term_string\"}}],\"inLanguage\":\"de\"},{\"@type\":\"Organization\",\"@id\":\"https:\\\/\\\/emerald-villas.gr\\\/de\\\/#organization\",\"name\":\"Emerald Villas & Suites\",\"url\":\"https:\\\/\\\/emerald-villas.gr\\\/de\\\/\",\"logo\":{\"@type\":\"ImageObject\",\"inLanguage\":\"de\",\"@id\":\"https:\\\/\\\/emerald-villas.gr\\\/de\\\/#\\\/schema\\\/logo\\\/image\\\/\",\"url\":\"https:\\\/\\\/emerald-villas.gr\\\/wp-content\\\/uploads\\\/2020\\\/11\\\/logo_emerald_200.png\",\"contentUrl\":\"https:\\\/\\\/emerald-villas.gr\\\/wp-content\\\/uploads\\\/2020\\\/11\\\/logo_emerald_200.png\",\"width\":200,\"height\":56,\"caption\":\"Emerald Villas & Suites\"},\"image\":{\"@id\":\"https:\\\/\\\/emerald-villas.gr\\\/de\\\/#\\\/schema\\\/logo\\\/image\\\/\"},\"sameAs\":[\"https:\\\/\\\/www.facebook.com\\\/emerald.villas\\\/\",\"https:\\\/\\\/x.com\\\/emerald_villas\",\"https:\\\/\\\/www.instagram.com\\\/emerald_villas\\\/\",\"https:\\\/\\\/www.youtube.com\\\/channel\\\/UCFyKZatvF0ez6RybGT6HkXA\"]}]}<\/script>\n<!-- \/ Yoast SEO plugin. -->","yoast_head_json":{"title":"Covid-19 - Emerald Villas &amp; Suites","description":"Covid-19 - Emerald Villas & Suites. Luxury stone built villas in Zakynthos, Greece. Enjoy your vacation in rooms of stunning sea view.","robots":{"index":"index","follow":"follow","max-snippet":"max-snippet:-1","max-image-preview":"max-image-preview:large","max-video-preview":"max-video-preview:-1"},"canonical":"https:\/\/emerald-villas.gr\/de\/covid-19\/","og_locale":"de_DE","og_type":"article","og_title":"Covid-19 - Emerald Villas &amp; Suites","og_description":"Covid-19 - Emerald Villas & Suites. Luxury stone built villas in Zakynthos, Greece. Enjoy your vacation in rooms of stunning sea view.","og_url":"https:\/\/emerald-villas.gr\/de\/covid-19\/","og_site_name":"Emerald Villas &amp; Suites","article_publisher":"https:\/\/www.facebook.com\/emerald.villas\/","article_modified_time":"2021-02-05T08:33:22+00:00","twitter_card":"summary_large_image","twitter_site":"@emerald_villas","twitter_misc":{"Gesch\u00e4tzte Lesezeit":"2\u00a0Minuten"},"schema":{"@context":"https:\/\/schema.org","@graph":[{"@type":"WebPage","@id":"https:\/\/emerald-villas.gr\/de\/covid-19\/","url":"https:\/\/emerald-villas.gr\/de\/covid-19\/","name":"Covid-19 - Emerald Villas &amp; Suites","isPartOf":{"@id":"https:\/\/emerald-villas.gr\/de\/#website"},"datePublished":"2020-11-19T11:56:04+00:00","dateModified":"2021-02-05T08:33:22+00:00","description":"Covid-19 - Emerald Villas & Suites. Luxury stone built villas in Zakynthos, Greece. Enjoy your vacation in rooms of stunning sea view.","breadcrumb":{"@id":"https:\/\/emerald-villas.gr\/de\/covid-19\/#breadcrumb"},"inLanguage":"de","potentialAction":[{"@type":"ReadAction","target":["https:\/\/emerald-villas.gr\/de\/covid-19\/"]}]},{"@type":"BreadcrumbList","@id":"https:\/\/emerald-villas.gr\/de\/covid-19\/#breadcrumb","itemListElement":[{"@type":"ListItem","position":1,"name":"Home","item":"https:\/\/emerald-villas.gr\/de\/"},{"@type":"ListItem","position":2,"name":"Covid-19"}]},{"@type":"WebSite","@id":"https:\/\/emerald-villas.gr\/de\/#website","url":"https:\/\/emerald-villas.gr\/de\/","name":"Emerald Villas &amp; Suites","description":"Luxury Villas in Zakynthos Greece","publisher":{"@id":"https:\/\/emerald-villas.gr\/de\/#organization"},"potentialAction":[{"@type":"SearchAction","target":{"@type":"EntryPoint","urlTemplate":"https:\/\/emerald-villas.gr\/de\/?s={search_term_string}"},"query-input":{"@type":"PropertyValueSpecification","valueRequired":true,"valueName":"search_term_string"}}],"inLanguage":"de"},{"@type":"Organization","@id":"https:\/\/emerald-villas.gr\/de\/#organization","name":"Emerald Villas & Suites","url":"https:\/\/emerald-villas.gr\/de\/","logo":{"@type":"ImageObject","inLanguage":"de","@id":"https:\/\/emerald-villas.gr\/de\/#\/schema\/logo\/image\/","url":"https:\/\/emerald-villas.gr\/wp-content\/uploads\/2020\/11\/logo_emerald_200.png","contentUrl":"https:\/\/emerald-villas.gr\/wp-content\/uploads\/2020\/11\/logo_emerald_200.png","width":200,"height":56,"caption":"Emerald Villas & Suites"},"image":{"@id":"https:\/\/emerald-villas.gr\/de\/#\/schema\/logo\/image\/"},"sameAs":["https:\/\/www.facebook.com\/emerald.villas\/","https:\/\/x.com\/emerald_villas","https:\/\/www.instagram.com\/emerald_villas\/","https:\/\/www.youtube.com\/channel\/UCFyKZatvF0ez6RybGT6HkXA"]}]}},"_links":{"self":[{"href":"https:\/\/emerald-villas.gr\/de\/wp-json\/wp\/v2\/pages\/4570","targetHints":{"allow":["GET"]}}],"collection":[{"href":"https:\/\/emerald-villas.gr\/de\/wp-json\/wp\/v2\/pages"}],"about":[{"href":"https:\/\/emerald-villas.gr\/de\/wp-json\/wp\/v2\/types\/page"}],"author":[{"embeddable":true,"href":"https:\/\/emerald-villas.gr\/de\/wp-json\/wp\/v2\/users\/1"}],"replies":[{"embeddable":true,"href":"https:\/\/emerald-villas.gr\/de\/wp-json\/wp\/v2\/comments?post=4570"}],"version-history":[{"count":3,"href":"https:\/\/emerald-villas.gr\/de\/wp-json\/wp\/v2\/pages\/4570\/revisions"}],"predecessor-version":[{"id":4576,"href":"https:\/\/emerald-villas.gr\/de\/wp-json\/wp\/v2\/pages\/4570\/revisions\/4576"}],"wp:attachment":[{"href":"https:\/\/emerald-villas.gr\/de\/wp-json\/wp\/v2\/media?parent=4570"}],"curies":[{"name":"wp","href":"https:\/\/api.w.org\/{rel}","templated":true}]}}